{"id":794,"date":"2021-02-16T08:32:08","date_gmt":"2021-02-16T11:32:08","guid":{"rendered":"http:\/\/inaff.org.br\/insulina\/?page_id=794"},"modified":"2021-07-22T10:25:55","modified_gmt":"2021-07-22T13:25:55","slug":"agenda","status":"publish","type":"page","link":"http:\/\/inaff.org.br\/insulina\/agenda\/","title":{"rendered":"Agenda"},"content":{"rendered":"\t\t<div data-elementor-type=\"wp-page\" data-elementor-id=\"794\" class=\"elementor elementor-794\" data-elementor-settings=\"[]\">\n\t\t\t\t\t\t<div class=\"elementor-inner\">\n\t\t\t\t\t\t\t<div class=\"elementor-section-wrap\">\n\t\t\t\t\t\t\t<section class=\"elementor-section elementor-top-section elementor-element elementor-element-af37f2a elementor-section-height-min-height elementor-section-boxed elementor-section-height-default elementor-section-items-middle\" data-id=\"af37f2a\" data-element_type=\"section\">\n\t\t\t\t\t\t<div class=\"elementor-container elementor-column-gap-default\">\n\t\t\t\t\t\t\t<div class=\"elementor-row\">\n\t\t\t\t\t<div class=\"elementor-column elementor-col-100 elementor-top-column elementor-element elementor-element-3192bff\" data-id=\"3192bff\" data-element_type=\"column\">\n\t\t\t<div class=\"elementor-column-wrap elementor-element-populated\">\n\t\t\t\t\t\t\t<div class=\"elementor-widget-wrap\">\n\t\t\t\t\t\t<div class=\"elementor-element elementor-element-f1c9290 elementor-grid-4 elementor-grid-tablet-2 elementor-grid-mobile-1 elementor-posts--thumbnail-top elementor-widget elementor-widget-posts\" data-id=\"f1c9290\" data-element_type=\"widget\" data-settings=\"{&quot;classic_columns&quot;:&quot;4&quot;,&quot;classic_columns_tablet&quot;:&quot;2&quot;,&quot;classic_columns_mobile&quot;:&quot;1&quot;,&quot;classic_row_gap&quot;:{&quot;unit&quot;:&quot;px&quot;,&quot;size&quot;:35,&quot;sizes&quot;:[]}}\" data-widget_type=\"posts.classic\">\n\t\t\t\t<div class=\"elementor-widget-container\">\n\t\t\t\t\t<div class=\"elementor-posts-container elementor-posts elementor-posts--skin-classic elementor-grid\">\n\t\t\t\t<article class=\"elementor-post elementor-grid-item post-1947 post type-post status-publish format-standard has-post-thumbnail hentry category-sem-categoria\">\n\t\t\t\t<a class=\"elementor-post__thumbnail__link\" href=\"http:\/\/inaff.org.br\/insulina\/parana-03-11-2021\/\" >\n\t\t\t<div class=\"elementor-post__thumbnail\"><img width=\"300\" height=\"300\" src=\"http:\/\/inaff.org.br\/insulina\/wp-content\/uploads\/2021\/10\/PARANA-2-300x300.png\" class=\"attachment-medium size-medium\" alt=\"\" loading=\"lazy\" srcset=\"http:\/\/inaff.org.br\/insulina\/wp-content\/uploads\/2021\/10\/PARANA-2-300x300.png 300w, http:\/\/inaff.org.br\/insulina\/wp-content\/uploads\/2021\/10\/PARANA-2-150x150.png 150w, http:\/\/inaff.org.br\/insulina\/wp-content\/uploads\/2021\/10\/PARANA-2-768x768.png 768w, http:\/\/inaff.org.br\/insulina\/wp-content\/uploads\/2021\/10\/PARANA-2.png 1000w\" sizes=\"(max-width: 300px) 100vw, 300px\" \/><\/div>\n\t\t<\/a>\n\t\t\t\t<div class=\"elementor-post__text\">\n\t\t\t\t<h3 class=\"elementor-post__title\">\n\t\t\t<a href=\"http:\/\/inaff.org.br\/insulina\/parana-03-11-2021\/\" >\n\t\t\t\tPARAN\u00c1 | 03\/11\/2021\t\t\t<\/a>\n\t\t<\/h3>\n\t\t\t\t<div class=\"elementor-post__meta-data\">\n\t\t\t\t\t<span class=\"elementor-post-date\">\n\t\t\t27 de outubro de 2021\t\t<\/span>\n\t\t\t\t<span class=\"elementor-post-avatar\">\n\t\t\tNenhum coment\u00e1rio\t\t<\/span>\n\t\t\t\t<\/div>\n\t\t\t\t<div class=\"elementor-post__excerpt\">\n\t\t\t<p>Profissionais da sa\u00fade e gestores do Estado do Paran\u00e1 ter\u00e3o a oportunidade de participar do treinamento sobre Seguran\u00e7a do Paciente com Diabetes na Administra\u00e7\u00e3o de Insulina no dia 03 de novembro, quarta-feira, de forma totalmente online e gratuita.<\/p>\n\t\t<\/div>\n\t\t\t\t\t<a class=\"elementor-post__read-more\" href=\"http:\/\/inaff.org.br\/insulina\/parana-03-11-2021\/\" >\n\t\t\t\tRead More \u00bb\t\t\t<\/a>\n\t\t\t\t<\/div>\n\t\t\t\t<\/article>\n\t\t\t\t<article class=\"elementor-post elementor-grid-item post-1944 post type-post status-publish format-standard has-post-thumbnail hentry category-sem-categoria\">\n\t\t\t\t<a class=\"elementor-post__thumbnail__link\" href=\"http:\/\/inaff.org.br\/insulina\/mato-grosso-do-sul-27-10-2021\/\" >\n\t\t\t<div class=\"elementor-post__thumbnail\"><img width=\"300\" height=\"300\" src=\"http:\/\/inaff.org.br\/insulina\/wp-content\/uploads\/2021\/10\/MS_-300x300.png\" class=\"attachment-medium size-medium\" alt=\"\" loading=\"lazy\" srcset=\"http:\/\/inaff.org.br\/insulina\/wp-content\/uploads\/2021\/10\/MS_-300x300.png 300w, http:\/\/inaff.org.br\/insulina\/wp-content\/uploads\/2021\/10\/MS_-150x150.png 150w, http:\/\/inaff.org.br\/insulina\/wp-content\/uploads\/2021\/10\/MS_-768x768.png 768w, http:\/\/inaff.org.br\/insulina\/wp-content\/uploads\/2021\/10\/MS_.png 1000w\" sizes=\"(max-width: 300px) 100vw, 300px\" \/><\/div>\n\t\t<\/a>\n\t\t\t\t<div class=\"elementor-post__text\">\n\t\t\t\t<h3 class=\"elementor-post__title\">\n\t\t\t<a href=\"http:\/\/inaff.org.br\/insulina\/mato-grosso-do-sul-27-10-2021\/\" >\n\t\t\t\tMATO GROSSO DO SUL | 27\/10\/2021\t\t\t<\/a>\n\t\t<\/h3>\n\t\t\t\t<div class=\"elementor-post__meta-data\">\n\t\t\t\t\t<span class=\"elementor-post-date\">\n\t\t\t26 de outubro de 2021\t\t<\/span>\n\t\t\t\t<span class=\"elementor-post-avatar\">\n\t\t\tNenhum coment\u00e1rio\t\t<\/span>\n\t\t\t\t<\/div>\n\t\t\t\t<div class=\"elementor-post__excerpt\">\n\t\t\t<p>Profissionais da sa\u00fade e gestores do Estado do Paran\u00e1 ter\u00e3o a oportunidade de participar do treinamento sobre Seguran\u00e7a do Paciente com Diabetes na Administra\u00e7\u00e3o de Insulina no dia 27 de outubro, quarta-feira, de forma totalmente online e gratuita.<\/p>\n\t\t<\/div>\n\t\t\t\t\t<a class=\"elementor-post__read-more\" href=\"http:\/\/inaff.org.br\/insulina\/mato-grosso-do-sul-27-10-2021\/\" >\n\t\t\t\tRead More \u00bb\t\t\t<\/a>\n\t\t\t\t<\/div>\n\t\t\t\t<\/article>\n\t\t\t\t<article class=\"elementor-post elementor-grid-item post-1941 post type-post status-publish format-standard has-post-thumbnail hentry category-sem-categoria\">\n\t\t\t\t<a class=\"elementor-post__thumbnail__link\" href=\"http:\/\/inaff.org.br\/insulina\/mato-grosso-13-10-2021\/\" >\n\t\t\t<div class=\"elementor-post__thumbnail\"><img width=\"300\" height=\"300\" src=\"http:\/\/inaff.org.br\/insulina\/wp-content\/uploads\/2021\/10\/MT_-300x300.png\" class=\"attachment-medium size-medium\" alt=\"\" loading=\"lazy\" srcset=\"http:\/\/inaff.org.br\/insulina\/wp-content\/uploads\/2021\/10\/MT_-300x300.png 300w, http:\/\/inaff.org.br\/insulina\/wp-content\/uploads\/2021\/10\/MT_-150x150.png 150w, http:\/\/inaff.org.br\/insulina\/wp-content\/uploads\/2021\/10\/MT_-768x768.png 768w, http:\/\/inaff.org.br\/insulina\/wp-content\/uploads\/2021\/10\/MT_.png 1000w\" sizes=\"(max-width: 300px) 100vw, 300px\" \/><\/div>\n\t\t<\/a>\n\t\t\t\t<div class=\"elementor-post__text\">\n\t\t\t\t<h3 class=\"elementor-post__title\">\n\t\t\t<a href=\"http:\/\/inaff.org.br\/insulina\/mato-grosso-13-10-2021\/\" >\n\t\t\t\tMATO GROSSO | 13\/10\/2021\t\t\t<\/a>\n\t\t<\/h3>\n\t\t\t\t<div class=\"elementor-post__meta-data\">\n\t\t\t\t\t<span class=\"elementor-post-date\">\n\t\t\t12 de outubro de 2021\t\t<\/span>\n\t\t\t\t<span class=\"elementor-post-avatar\">\n\t\t\tNenhum coment\u00e1rio\t\t<\/span>\n\t\t\t\t<\/div>\n\t\t\t\t<div class=\"elementor-post__excerpt\">\n\t\t\t<p>Profissionais da sa\u00fade e gestores do Estado do Mato Grosso ter\u00e3o a oportunidade de participar do treinamento sobre Seguran\u00e7a do Paciente com Diabetes na Administra\u00e7\u00e3o de Insulina no dia 13 de outubro, quarta-feira, de forma totalmente online e gratuita.<\/p>\n\t\t<\/div>\n\t\t\t\t\t<a class=\"elementor-post__read-more\" href=\"http:\/\/inaff.org.br\/insulina\/mato-grosso-13-10-2021\/\" >\n\t\t\t\tRead More \u00bb\t\t\t<\/a>\n\t\t\t\t<\/div>\n\t\t\t\t<\/article>\n\t\t\t\t<article class=\"elementor-post elementor-grid-item post-1938 post type-post status-publish format-standard has-post-thumbnail hentry category-sem-categoria\">\n\t\t\t\t<a class=\"elementor-post__thumbnail__link\" href=\"http:\/\/inaff.org.br\/insulina\/distrito-federal-06-10-2021\/\" >\n\t\t\t<div class=\"elementor-post__thumbnail\"><img width=\"300\" height=\"300\" src=\"http:\/\/inaff.org.br\/insulina\/wp-content\/uploads\/2021\/10\/DF-300x300.png\" class=\"attachment-medium size-medium\" alt=\"\" loading=\"lazy\" srcset=\"http:\/\/inaff.org.br\/insulina\/wp-content\/uploads\/2021\/10\/DF-300x300.png 300w, http:\/\/inaff.org.br\/insulina\/wp-content\/uploads\/2021\/10\/DF-150x150.png 150w, http:\/\/inaff.org.br\/insulina\/wp-content\/uploads\/2021\/10\/DF-768x768.png 768w, http:\/\/inaff.org.br\/insulina\/wp-content\/uploads\/2021\/10\/DF.png 1000w\" sizes=\"(max-width: 300px) 100vw, 300px\" \/><\/div>\n\t\t<\/a>\n\t\t\t\t<div class=\"elementor-post__text\">\n\t\t\t\t<h3 class=\"elementor-post__title\">\n\t\t\t<a href=\"http:\/\/inaff.org.br\/insulina\/distrito-federal-06-10-2021\/\" >\n\t\t\t\tDISTRITO FEDERAL | 06\/10\/2021\t\t\t<\/a>\n\t\t<\/h3>\n\t\t\t\t<div class=\"elementor-post__meta-data\">\n\t\t\t\t\t<span class=\"elementor-post-date\">\n\t\t\t5 de outubro de 2021\t\t<\/span>\n\t\t\t\t<span class=\"elementor-post-avatar\">\n\t\t\tNenhum coment\u00e1rio\t\t<\/span>\n\t\t\t\t<\/div>\n\t\t\t\t<div class=\"elementor-post__excerpt\">\n\t\t\t<p>Profissionais da sa\u00fade e gestores do Estado do Distrito Federal ter\u00e3o a oportunidade de participar do treinamento sobre Seguran\u00e7a do Paciente com Diabetes na Administra\u00e7\u00e3o de Insulina no dia 06 de outubro, quarta-feira, de forma totalmente online e gratuita<\/p>\n\t\t<\/div>\n\t\t\t\t\t<a class=\"elementor-post__read-more\" href=\"http:\/\/inaff.org.br\/insulina\/distrito-federal-06-10-2021\/\" >\n\t\t\t\tRead More \u00bb\t\t\t<\/a>\n\t\t\t\t<\/div>\n\t\t\t\t<\/article>\n\t\t\t\t<article class=\"elementor-post elementor-grid-item post-1927 post type-post status-publish format-standard has-post-thumbnail hentry category-sem-categoria\">\n\t\t\t\t<a class=\"elementor-post__thumbnail__link\" href=\"http:\/\/inaff.org.br\/insulina\/riograndedonorte\/\" >\n\t\t\t<div class=\"elementor-post__thumbnail\"><img width=\"300\" height=\"300\" src=\"http:\/\/inaff.org.br\/insulina\/wp-content\/uploads\/2021\/10\/RN-1-300x300.png\" class=\"attachment-medium size-medium\" alt=\"\" loading=\"lazy\" srcset=\"http:\/\/inaff.org.br\/insulina\/wp-content\/uploads\/2021\/10\/RN-1-300x300.png 300w, http:\/\/inaff.org.br\/insulina\/wp-content\/uploads\/2021\/10\/RN-1-150x150.png 150w, http:\/\/inaff.org.br\/insulina\/wp-content\/uploads\/2021\/10\/RN-1-768x768.png 768w, http:\/\/inaff.org.br\/insulina\/wp-content\/uploads\/2021\/10\/RN-1.png 1000w\" sizes=\"(max-width: 300px) 100vw, 300px\" \/><\/div>\n\t\t<\/a>\n\t\t\t\t<div class=\"elementor-post__text\">\n\t\t\t\t<h3 class=\"elementor-post__title\">\n\t\t\t<a href=\"http:\/\/inaff.org.br\/insulina\/riograndedonorte\/\" >\n\t\t\t\tRIO GRANDE DO NORTE | 04\/10\/2021\t\t\t<\/a>\n\t\t<\/h3>\n\t\t\t\t<div class=\"elementor-post__meta-data\">\n\t\t\t\t\t<span class=\"elementor-post-date\">\n\t\t\t3 de outubro de 2021\t\t<\/span>\n\t\t\t\t<span class=\"elementor-post-avatar\">\n\t\t\tNenhum coment\u00e1rio\t\t<\/span>\n\t\t\t\t<\/div>\n\t\t\t\t<div class=\"elementor-post__excerpt\">\n\t\t\t<p>Profissionais da sa\u00fade e gestores do Estado do Paran\u00e1 ter\u00e3o a oportunidade de participar do treinamento sobre Seguran\u00e7a do Paciente com Diabetes na Administra\u00e7\u00e3o de Insulina no dia 03 de novembro, quarta-feira, de forma totalmente online e gratuita.<\/p>\n\t\t<\/div>\n\t\t\t\t\t<a class=\"elementor-post__read-more\" href=\"http:\/\/inaff.org.br\/insulina\/riograndedonorte\/\" >\n\t\t\t\tRead More \u00bb\t\t\t<\/a>\n\t\t\t\t<\/div>\n\t\t\t\t<\/article>\n\t\t\t\t<article class=\"elementor-post elementor-grid-item post-1645 post type-post status-publish format-standard has-post-thumbnail hentry category-sem-categoria\">\n\t\t\t\t<a class=\"elementor-post__thumbnail__link\" href=\"http:\/\/inaff.org.br\/insulina\/rio-de-janeiro-25-06-2021\/\" >\n\t\t\t<div class=\"elementor-post__thumbnail\"><img width=\"300\" height=\"300\" src=\"http:\/\/inaff.org.br\/insulina\/wp-content\/uploads\/2021\/05\/SAO-PAULO-300x300.png\" class=\"attachment-medium size-medium\" alt=\"\" loading=\"lazy\" srcset=\"http:\/\/inaff.org.br\/insulina\/wp-content\/uploads\/2021\/05\/SAO-PAULO-300x300.png 300w, http:\/\/inaff.org.br\/insulina\/wp-content\/uploads\/2021\/05\/SAO-PAULO-150x150.png 150w, http:\/\/inaff.org.br\/insulina\/wp-content\/uploads\/2021\/05\/SAO-PAULO-768x768.png 768w, http:\/\/inaff.org.br\/insulina\/wp-content\/uploads\/2021\/05\/SAO-PAULO.png 1000w\" sizes=\"(max-width: 300px) 100vw, 300px\" \/><\/div>\n\t\t<\/a>\n\t\t\t\t<div class=\"elementor-post__text\">\n\t\t\t\t<h3 class=\"elementor-post__title\">\n\t\t\t<a href=\"http:\/\/inaff.org.br\/insulina\/rio-de-janeiro-25-06-2021\/\" >\n\t\t\t\tS\u00c3O PAULO | 25\/06\/2021\t\t\t<\/a>\n\t\t<\/h3>\n\t\t\t\t<div class=\"elementor-post__meta-data\">\n\t\t\t\t\t<span class=\"elementor-post-date\">\n\t\t\t26 de maio de 2021\t\t<\/span>\n\t\t\t\t<span class=\"elementor-post-avatar\">\n\t\t\tNenhum coment\u00e1rio\t\t<\/span>\n\t\t\t\t<\/div>\n\t\t\t\t<div class=\"elementor-post__excerpt\">\n\t\t\t<p>Profissionais da sa\u00fade e gestores do Estado do Rio de Janeiro ter\u00e3o a oportunidade de participar do treinamento sobre Seguran\u00e7a do Paciente com Diabetes na Administra\u00e7\u00e3o de Insulina no dia 25 de junho, sexta-feira, de forma totalmente online e gratuita.<\/p>\n\t\t<\/div>\n\t\t\t\t\t<a class=\"elementor-post__read-more\" href=\"http:\/\/inaff.org.br\/insulina\/rio-de-janeiro-25-06-2021\/\" >\n\t\t\t\tRead More \u00bb\t\t\t<\/a>\n\t\t\t\t<\/div>\n\t\t\t\t<\/article>\n\t\t\t\t<article class=\"elementor-post elementor-grid-item post-1469 post type-post status-publish format-standard has-post-thumbnail hentry category-agenda\">\n\t\t\t\t<a class=\"elementor-post__thumbnail__link\" href=\"http:\/\/inaff.org.br\/insulina\/paraiba-16-06-2021\/\" >\n\t\t\t<div class=\"elementor-post__thumbnail\"><img width=\"300\" height=\"300\" src=\"http:\/\/inaff.org.br\/insulina\/wp-content\/uploads\/2021\/05\/PARAIBA-300x300.png\" class=\"attachment-medium size-medium\" alt=\"\" loading=\"lazy\" srcset=\"http:\/\/inaff.org.br\/insulina\/wp-content\/uploads\/2021\/05\/PARAIBA-300x300.png 300w, http:\/\/inaff.org.br\/insulina\/wp-content\/uploads\/2021\/05\/PARAIBA-150x150.png 150w, http:\/\/inaff.org.br\/insulina\/wp-content\/uploads\/2021\/05\/PARAIBA-768x768.png 768w, http:\/\/inaff.org.br\/insulina\/wp-content\/uploads\/2021\/05\/PARAIBA.png 1000w\" sizes=\"(max-width: 300px) 100vw, 300px\" \/><\/div>\n\t\t<\/a>\n\t\t\t\t<div class=\"elementor-post__text\">\n\t\t\t\t<h3 class=\"elementor-post__title\">\n\t\t\t<a href=\"http:\/\/inaff.org.br\/insulina\/paraiba-16-06-2021\/\" >\n\t\t\t\tPARA\u00cdBA | 16\/06\/2021\t\t\t<\/a>\n\t\t<\/h3>\n\t\t\t\t<div class=\"elementor-post__meta-data\">\n\t\t\t\t\t<span class=\"elementor-post-date\">\n\t\t\t16 de maio de 2021\t\t<\/span>\n\t\t\t\t<span class=\"elementor-post-avatar\">\n\t\t\tNenhum coment\u00e1rio\t\t<\/span>\n\t\t\t\t<\/div>\n\t\t\t\t<div class=\"elementor-post__excerpt\">\n\t\t\t<p>Profissionais da sa\u00fade e gestores do Estado da Para\u00edba ter\u00e3o a oportunidade de participar do treinamento sobre Seguran\u00e7a do Paciente com Diabetes na Administra\u00e7\u00e3o de Insulina no dia 22 de abril, quinta-feira, de forma totalmente online e gratuita.<\/p>\n\t\t<\/div>\n\t\t\t\t\t<a class=\"elementor-post__read-more\" href=\"http:\/\/inaff.org.br\/insulina\/paraiba-16-06-2021\/\" >\n\t\t\t\tRead More \u00bb\t\t\t<\/a>\n\t\t\t\t<\/div>\n\t\t\t\t<\/article>\n\t\t\t\t<article class=\"elementor-post elementor-grid-item post-1586 post type-post status-publish format-standard has-post-thumbnail hentry category-sem-categoria\">\n\t\t\t\t<a class=\"elementor-post__thumbnail__link\" href=\"http:\/\/inaff.org.br\/insulina\/rio-de-janeiro-20-05-2021\/\" >\n\t\t\t<div class=\"elementor-post__thumbnail\"><img width=\"300\" height=\"300\" src=\"http:\/\/inaff.org.br\/insulina\/wp-content\/uploads\/2021\/05\/rj-300x300.png\" class=\"attachment-medium size-medium\" alt=\"\" loading=\"lazy\" srcset=\"http:\/\/inaff.org.br\/insulina\/wp-content\/uploads\/2021\/05\/rj-300x300.png 300w, http:\/\/inaff.org.br\/insulina\/wp-content\/uploads\/2021\/05\/rj-150x150.png 150w, http:\/\/inaff.org.br\/insulina\/wp-content\/uploads\/2021\/05\/rj-768x768.png 768w, http:\/\/inaff.org.br\/insulina\/wp-content\/uploads\/2021\/05\/rj.png 1000w\" sizes=\"(max-width: 300px) 100vw, 300px\" \/><\/div>\n\t\t<\/a>\n\t\t\t\t<div class=\"elementor-post__text\">\n\t\t\t\t<h3 class=\"elementor-post__title\">\n\t\t\t<a href=\"http:\/\/inaff.org.br\/insulina\/rio-de-janeiro-20-05-2021\/\" >\n\t\t\t\tRIO DE JANEIRO | 20\/05\/2021\t\t\t<\/a>\n\t\t<\/h3>\n\t\t\t\t<div class=\"elementor-post__meta-data\">\n\t\t\t\t\t<span class=\"elementor-post-date\">\n\t\t\t14 de maio de 2021\t\t<\/span>\n\t\t\t\t<span class=\"elementor-post-avatar\">\n\t\t\tNenhum coment\u00e1rio\t\t<\/span>\n\t\t\t\t<\/div>\n\t\t\t\t<div class=\"elementor-post__excerpt\">\n\t\t\t<p>Profissionais da sa\u00fade e gestores do Estado do Rio de Janeiro ter\u00e3o a oportunidade de participar do treinamento sobre Seguran\u00e7a do Paciente com Diabetes na Administra\u00e7\u00e3o de Insulina no dia 20 de maio, quinta-feira, de forma totalmente online e gratuita. <\/p>\n\t\t<\/div>\n\t\t\t\t\t<a class=\"elementor-post__read-more\" href=\"http:\/\/inaff.org.br\/insulina\/rio-de-janeiro-20-05-2021\/\" >\n\t\t\t\tRead More \u00bb\t\t\t<\/a>\n\t\t\t\t<\/div>\n\t\t\t\t<\/article>\n\t\t\t\t<article class=\"elementor-post elementor-grid-item post-1592 post type-post status-publish format-standard has-post-thumbnail hentry category-sem-categoria\">\n\t\t\t\t<a class=\"elementor-post__thumbnail__link\" href=\"http:\/\/inaff.org.br\/insulina\/espirito-santo-13-05-2021\/\" >\n\t\t\t<div class=\"elementor-post__thumbnail\"><img width=\"300\" height=\"300\" src=\"http:\/\/inaff.org.br\/insulina\/wp-content\/uploads\/2021\/05\/ESPIRITO-SANTO-300x300.png\" class=\"attachment-medium size-medium\" alt=\"\" loading=\"lazy\" srcset=\"http:\/\/inaff.org.br\/insulina\/wp-content\/uploads\/2021\/05\/ESPIRITO-SANTO-300x300.png 300w, http:\/\/inaff.org.br\/insulina\/wp-content\/uploads\/2021\/05\/ESPIRITO-SANTO-150x150.png 150w, http:\/\/inaff.org.br\/insulina\/wp-content\/uploads\/2021\/05\/ESPIRITO-SANTO-768x768.png 768w, http:\/\/inaff.org.br\/insulina\/wp-content\/uploads\/2021\/05\/ESPIRITO-SANTO.png 1000w\" sizes=\"(max-width: 300px) 100vw, 300px\" \/><\/div>\n\t\t<\/a>\n\t\t\t\t<div class=\"elementor-post__text\">\n\t\t\t\t<h3 class=\"elementor-post__title\">\n\t\t\t<a href=\"http:\/\/inaff.org.br\/insulina\/espirito-santo-13-05-2021\/\" >\n\t\t\t\tESP\u00cdRITO SANTO | 13\/05\/2021\t\t\t<\/a>\n\t\t<\/h3>\n\t\t\t\t<div class=\"elementor-post__meta-data\">\n\t\t\t\t\t<span class=\"elementor-post-date\">\n\t\t\t7 de maio de 2021\t\t<\/span>\n\t\t\t\t<span class=\"elementor-post-avatar\">\n\t\t\tNenhum coment\u00e1rio\t\t<\/span>\n\t\t\t\t<\/div>\n\t\t\t\t<div class=\"elementor-post__excerpt\">\n\t\t\t<p>Profissionais da sa\u00fade e gestores do Estado do Esp\u00edrito Santo ter\u00e3o a oportunidade de participar do treinamento sobre Seguran\u00e7a do Paciente com Diabetes na Administra\u00e7\u00e3o de Insulina no dia 13 de maio, quinta-feira, de forma totalmente online e gratuita.<\/p>\n\t\t<\/div>\n\t\t\t\t\t<a class=\"elementor-post__read-more\" href=\"http:\/\/inaff.org.br\/insulina\/espirito-santo-13-05-2021\/\" >\n\t\t\t\tRead More \u00bb\t\t\t<\/a>\n\t\t\t\t<\/div>\n\t\t\t\t<\/article>\n\t\t\t\t<article class=\"elementor-post elementor-grid-item post-1472 post type-post status-publish format-standard has-post-thumbnail hentry category-agenda\">\n\t\t\t\t<a class=\"elementor-post__thumbnail__link\" href=\"http:\/\/inaff.org.br\/insulina\/santa-catarina-29-04-2021\/\" >\n\t\t\t<div class=\"elementor-post__thumbnail\"><img width=\"300\" height=\"300\" src=\"http:\/\/inaff.org.br\/insulina\/wp-content\/uploads\/2021\/04\/SANTA-CATARINA-300x300.png\" class=\"attachment-medium size-medium\" alt=\"\" loading=\"lazy\" srcset=\"http:\/\/inaff.org.br\/insulina\/wp-content\/uploads\/2021\/04\/SANTA-CATARINA-300x300.png 300w, http:\/\/inaff.org.br\/insulina\/wp-content\/uploads\/2021\/04\/SANTA-CATARINA-150x150.png 150w, http:\/\/inaff.org.br\/insulina\/wp-content\/uploads\/2021\/04\/SANTA-CATARINA-768x768.png 768w, http:\/\/inaff.org.br\/insulina\/wp-content\/uploads\/2021\/04\/SANTA-CATARINA.png 1000w\" sizes=\"(max-width: 300px) 100vw, 300px\" \/><\/div>\n\t\t<\/a>\n\t\t\t\t<div class=\"elementor-post__text\">\n\t\t\t\t<h3 class=\"elementor-post__title\">\n\t\t\t<a href=\"http:\/\/inaff.org.br\/insulina\/santa-catarina-29-04-2021\/\" >\n\t\t\t\tSANTA CATARINA | 29\/04\/2021\t\t\t<\/a>\n\t\t<\/h3>\n\t\t\t\t<div class=\"elementor-post__meta-data\">\n\t\t\t\t\t<span class=\"elementor-post-date\">\n\t\t\t13 de abril de 2021\t\t<\/span>\n\t\t\t\t<span class=\"elementor-post-avatar\">\n\t\t\tNenhum coment\u00e1rio\t\t<\/span>\n\t\t\t\t<\/div>\n\t\t\t\t<div class=\"elementor-post__excerpt\">\n\t\t\t<p>Profissionais da sa\u00fade e gestores do Estado de Santa Catarina ter\u00e3o a oportunidade de participar do treinamento sobre Seguran\u00e7a do Paciente com Diabetes na Administra\u00e7\u00e3o de Insulina no dia 29 de abril, quinta-feira, de forma totalmente online e gratuita.<\/p>\n\t\t<\/div>\n\t\t\t\t\t<a class=\"elementor-post__read-more\" href=\"http:\/\/inaff.org.br\/insulina\/santa-catarina-29-04-2021\/\" >\n\t\t\t\tRead More \u00bb\t\t\t<\/a>\n\t\t\t\t<\/div>\n\t\t\t\t<\/article>\n\t\t\t\t<\/div>\n\t\t\t\t<\/div>\n\t\t\t\t<\/div>\n\t\t\t\t\t\t<\/div>\n\t\t\t\t\t<\/div>\n\t\t<\/div>\n\t\t\t\t\t\t\t\t<\/div>\n\t\t\t\t\t<\/div>\n\t\t<\/section>\n\t\t\t\t\t\t<\/div>\n\t\t\t\t\t\t<\/div>\n\t\t\t\t\t<\/div>\n\t\t","protected":false},"excerpt":{"rendered":"","protected":false},"author":1,"featured_media":0,"parent":0,"menu_order":0,"comment_status":"closed","ping_status":"closed","template":"","meta":[],"_links":{"self":[{"href":"http:\/\/inaff.org.br\/insulina\/wp-json\/wp\/v2\/pages\/794"}],"collection":[{"href":"http:\/\/inaff.org.br\/insulina\/wp-json\/wp\/v2\/pages"}],"about":[{"href":"http:\/\/inaff.org.br\/insulina\/wp-json\/wp\/v2\/types\/page"}],"author":[{"embeddable":true,"href":"http:\/\/inaff.org.br\/insulina\/wp-json\/wp\/v2\/users\/1"}],"replies":[{"embeddable":true,"href":"http:\/\/inaff.org.br\/insulina\/wp-json\/wp\/v2\/comments?post=794"}],"version-history":[{"count":25,"href":"http:\/\/inaff.org.br\/insulina\/wp-json\/wp\/v2\/pages\/794\/revisions"}],"predecessor-version":[{"id":1698,"href":"http:\/\/inaff.org.br\/insulina\/wp-json\/wp\/v2\/pages\/794\/revisions\/1698"}],"wp:attachment":[{"href":"http:\/\/inaff.org.br\/insulina\/wp-json\/wp\/v2\/media?parent=794"}],"curies":[{"name":"wp","href":"https:\/\/api.w.org\/{rel}","templated":true}]}}