{"id":792,"date":"2021-02-16T08:31:40","date_gmt":"2021-02-16T11:31:40","guid":{"rendered":"http:\/\/inaff.org.br\/insulina\/?page_id=792"},"modified":"2021-02-18T13:12:05","modified_gmt":"2021-02-18T16:12:05","slug":"o-projeto","status":"publish","type":"page","link":"http:\/\/inaff.org.br\/insulina\/o-projeto\/","title":{"rendered":"O Projeto"},"content":{"rendered":"\t\t<div data-elementor-type=\"wp-page\" data-elementor-id=\"792\" class=\"elementor elementor-792\" data-elementor-settings=\"[]\">\n\t\t\t\t\t\t<div class=\"elementor-inner\">\n\t\t\t\t\t\t\t<div class=\"elementor-section-wrap\">\n\t\t\t\t\t\t\t<section class=\"elementor-section elementor-top-section elementor-element elementor-element-21032d2 elementor-section-boxed elementor-section-height-default elementor-section-height-default\" data-id=\"21032d2\" data-element_type=\"section\">\n\t\t\t\t\t\t<div class=\"elementor-container elementor-column-gap-default\">\n\t\t\t\t\t\t\t<div class=\"elementor-row\">\n\t\t\t\t\t<div class=\"elementor-column elementor-col-100 elementor-top-column elementor-element elementor-element-eb130c4\" data-id=\"eb130c4\" data-element_type=\"column\">\n\t\t\t<div class=\"elementor-column-wrap elementor-element-populated\">\n\t\t\t\t\t\t\t<div class=\"elementor-widget-wrap\">\n\t\t\t\t\t\t<div class=\"elementor-element elementor-element-6a5f014 elementor-widget elementor-widget-image\" data-id=\"6a5f014\" data-element_type=\"widget\" data-widget_type=\"image.default\">\n\t\t\t\t<div class=\"elementor-widget-container\">\n\t\t\t\t\t<div class=\"elementor-image\">\n\t\t\t\t\t\t\t\t\t\t<img width=\"1664\" height=\"580\" src=\"http:\/\/inaff.org.br\/insulina\/wp-content\/uploads\/2021\/02\/pc_.png\" class=\"attachment-full size-full\" alt=\"\" loading=\"lazy\" srcset=\"http:\/\/inaff.org.br\/insulina\/wp-content\/uploads\/2021\/02\/pc_.png 1664w, http:\/\/inaff.org.br\/insulina\/wp-content\/uploads\/2021\/02\/pc_-300x105.png 300w, http:\/\/inaff.org.br\/insulina\/wp-content\/uploads\/2021\/02\/pc_-1024x357.png 1024w, http:\/\/inaff.org.br\/insulina\/wp-content\/uploads\/2021\/02\/pc_-768x268.png 768w, http:\/\/inaff.org.br\/insulina\/wp-content\/uploads\/2021\/02\/pc_-1536x535.png 1536w\" sizes=\"(max-width: 1664px) 100vw, 1664px\" \/>\t\t\t\t\t\t\t\t\t\t\t<\/div>\n\t\t\t\t<\/div>\n\t\t\t\t<\/div>\n\t\t\t\t\t\t<\/div>\n\t\t\t\t\t<\/div>\n\t\t<\/div>\n\t\t\t\t\t\t\t\t<\/div>\n\t\t\t\t\t<\/div>\n\t\t<\/section>\n\t\t\t\t<section class=\"elementor-section elementor-top-section elementor-element elementor-element-e4b52e3 elementor-section-height-min-height elementor-section-boxed elementor-section-height-default elementor-section-items-middle\" data-id=\"e4b52e3\" data-element_type=\"section\">\n\t\t\t\t\t\t<div class=\"elementor-container elementor-column-gap-default\">\n\t\t\t\t\t\t\t<div class=\"elementor-row\">\n\t\t\t\t\t<div class=\"elementor-column elementor-col-100 elementor-top-column elementor-element elementor-element-d5e3e3f\" data-id=\"d5e3e3f\" data-element_type=\"column\">\n\t\t\t<div class=\"elementor-column-wrap elementor-element-populated\">\n\t\t\t\t\t\t\t<div class=\"elementor-widget-wrap\">\n\t\t\t\t\t\t<div class=\"elementor-element elementor-element-06fab8c elementor-widget elementor-widget-text-editor\" data-id=\"06fab8c\" data-element_type=\"widget\" data-widget_type=\"text-editor.default\">\n\t\t\t\t<div class=\"elementor-widget-container\">\n\t\t\t\t\t<div class=\"elementor-text-editor elementor-clearfix\"><p><span style=\"font-weight: 400;\">O Instituto Nacional de Assist\u00eancia Farmac\u00eautica e Farmacoeconomia mais uma vez inova na qualifica\u00e7\u00e3o de farmac\u00eauticos e farmac\u00eauticas do Brasil. Recentemente a CONITEC realizou incorpora\u00e7\u00f5es de canetas de insulina como op\u00e7\u00e3o para administra\u00e7\u00e3o do medicamento. Observamos a necessidade de promover atualiza\u00e7\u00e3o e aprimoramento dos conhecimentos profissionais, habilidades e compet\u00eancias no tratamento da diabetes com foco na utiliza\u00e7\u00e3o das canetas de insulina. Para atender essa demanda, desenvolvemos este curso de capacita\u00e7\u00e3o.<\/span><\/p><p><span style=\"font-weight: 400;\">Objetivamos capacitar gestores e profissionais de sa\u00fade na \u00e1rea de Assist\u00eancia Farmac\u00eautica das Secretarias Estaduais e Municipais de Sa\u00fade para realizar Educa\u00e7\u00e3o em Sa\u00fade sobre o uso racional e seguro das canetas de insulina.<\/span><\/p><h2><span style=\"font-weight: 400;\">Educa\u00e7\u00e3o em Diabetes<\/span><\/h2><p><span style=\"font-weight: 400;\">A educa\u00e7\u00e3o ao paciente com <em>Diabetes mellitus<\/em> (DM) e a sua fam\u00edlia \u00e9 essencial para que seja atingido um bom controle dos \u00edndices glic\u00eamicos e evitadas complica\u00e7\u00f5es decorrentes da doen\u00e7a. O tratamento n\u00e3o medicamentoso \u00e9 uma abordagem essencial no tratamento de DM e deve incluir uma abordagem familiar com um olhar sist\u00eamico sobre o paciente, considerando o contexto em que ele est\u00e1 inserido. A identifica\u00e7\u00e3o da doen\u00e7a em seu est\u00e1gio inicial e o encaminhamento \u00e1gil e adequado para o atendimento especializado d\u00e3o \u00e0 aten\u00e7\u00e3o prim\u00e1ria um car\u00e1ter fundamental para um melhor resultado terap\u00eautico e progn\u00f3stico.<\/span><\/p><p><span style=\"font-weight: 400;\">Estudo multic\u00eantrico nacional realizado pelo Grupo Brasileiro de Estudos em DM1 analisou dados demogr\u00e1ficos, cl\u00ednicos e socioecon\u00f4micos de pacientes com DM1 recebendo tratamento em centros p\u00fablicos do Brasil, e mostrou que o controle glic\u00eamico foi insatisfat\u00f3rio [hemoglobina glicada (HbA1c), acima de 7%] em aproximadamente 80% dos pacientes, apesar de todos, neste estudo, estarem em tratamento com endocrinologistas em servi\u00e7os de atendimento secund\u00e1rio ou terci\u00e1rio.<\/span><\/p><h2><span style=\"font-weight: 400;\">Diabetes<\/span><\/h2><p><span style=\"font-weight: 400;\">Diabetes mellitus (DM) \u00e9 uma doen\u00e7a end\u00f3crino-metab\u00f3lica de etiologia heterog\u00eanea, que envolve fatores gen\u00e9ticos, biol\u00f3gicos e ambientais. \u00c9 caracterizada por hiperglicemia cr\u00f4nica e resulta de defeitos na secre\u00e7\u00e3o ou na a\u00e7\u00e3o da insulina. <\/span><span style=\"font-weight: 400;\">A doen\u00e7a pode evoluir com complica\u00e7\u00f5es agudas (hipoglicemia, cetoacidose e s\u00edndrome hiperosmolar hiperglic\u00eamica n\u00e3o cet\u00f3tica) e cr\u00f4nicas, microvasculares (retinopatia, nefropatia, neuropatia) e macrovasculares (doen\u00e7a arterial coronariana, arterial perif\u00e9rica e cerebrovascular).<\/span><\/p><p><span style=\"font-weight: 400;\">O DM do tipo 1 (DM1) caracteriza-se pela destrui\u00e7\u00e3o das c\u00e9lulas beta pancre\u00e1ticas, determinando defici\u00eancia na secre\u00e7\u00e3o de insulina, o que torna essencial o uso de insulina como tratamento, para prevenir cetoacidose, coma, eventos micro e macrovasculares e morte. <\/span><span style=\"font-weight: 400;\">O pico de incid\u00eancia do DM1 ocorre em crian\u00e7as e adolescentes, entre 10 e 14 anos e, menos comumente, em adultos de qualquer idade. No entanto, o diagn\u00f3stico em pessoas adultas com DM1 tamb\u00e9m \u00e9 recorrente. Adultos que apresentam destrui\u00e7\u00e3o das c\u00e9lulas beta pancre\u00e1ticas, devido a processo autoimune, recebem o diagn\u00f3stico de Diabetes Mellitus Autoimune do Adulto (Late Autoimmune Diabetes in Adults) (LADA).<\/span><\/p><p><span style=\"font-weight: 400;\">O DM1 tipo LADA pode ter desenvolvimento lento e progressivo de acordo com a defici\u00eancia de insulina, causando dificuldades ao diagn\u00f3stico e tratamento. O tratamento desses pacientes frequentemente \u00e9 realizado com antidiab\u00e9ticos orais at\u00e9 que seja constatada defici\u00eancia e a progress\u00e3o mais significativa na secre\u00e7\u00e3o de insulina, impondo a necessidade de insulinoterapia.<\/span><\/p><\/div>\n\t\t\t\t<\/div>\n\t\t\t\t<\/div>\n\t\t\t\t\t\t<\/div>\n\t\t\t\t\t<\/div>\n\t\t<\/div>\n\t\t\t\t\t\t\t\t<\/div>\n\t\t\t\t\t<\/div>\n\t\t<\/section>\n\t\t\t\t\t\t<\/div>\n\t\t\t\t\t\t<\/div>\n\t\t\t\t\t<\/div>\n\t\t","protected":false},"excerpt":{"rendered":"<p>O Instituto Nacional de Assist\u00eancia Farmac\u00eautica e Farmacoeconomia mais uma vez inova na qualifica\u00e7\u00e3o de farmac\u00eauticos e farmac\u00eauticas do Brasil. Recentemente a CONITEC realizou incorpora\u00e7\u00f5es de canetas de insulina como op\u00e7\u00e3o para administra\u00e7\u00e3o do medicamento. Observamos a necessidade de promover atualiza\u00e7\u00e3o e aprimoramento dos conhecimentos profissionais, habilidades e compet\u00eancias no tratamento da diabetes com foco &hellip;<\/p>\n<p class=\"read-more\"> <a class=\"\" href=\"http:\/\/inaff.org.br\/insulina\/o-projeto\/\"> <span class=\"screen-reader-text\">O Projeto<\/span> Leia mais \u00bb<\/a><\/p>\n","protected":false},"author":1,"featured_media":0,"parent":0,"menu_order":0,"comment_status":"closed","ping_status":"closed","template":"","meta":[],"_links":{"self":[{"href":"http:\/\/inaff.org.br\/insulina\/wp-json\/wp\/v2\/pages\/792"}],"collection":[{"href":"http:\/\/inaff.org.br\/insulina\/wp-json\/wp\/v2\/pages"}],"about":[{"href":"http:\/\/inaff.org.br\/insulina\/wp-json\/wp\/v2\/types\/page"}],"author":[{"embeddable":true,"href":"http:\/\/inaff.org.br\/insulina\/wp-json\/wp\/v2\/users\/1"}],"replies":[{"embeddable":true,"href":"http:\/\/inaff.org.br\/insulina\/wp-json\/wp\/v2\/comments?post=792"}],"version-history":[{"count":13,"href":"http:\/\/inaff.org.br\/insulina\/wp-json\/wp\/v2\/pages\/792\/revisions"}],"predecessor-version":[{"id":1019,"href":"http:\/\/inaff.org.br\/insulina\/wp-json\/wp\/v2\/pages\/792\/revisions\/1019"}],"wp:attachment":[{"href":"http:\/\/inaff.org.br\/insulina\/wp-json\/wp\/v2\/media?parent=792"}],"curies":[{"name":"wp","href":"https:\/\/api.w.org\/{rel}","templated":true}]}}