{"id":790,"date":"2021-02-16T08:31:19","date_gmt":"2021-02-16T11:31:19","guid":{"rendered":"http:\/\/inaff.org.br\/insulina\/?page_id=790"},"modified":"2021-03-17T14:59:38","modified_gmt":"2021-03-17T17:59:38","slug":"ebook","status":"publish","type":"page","link":"http:\/\/inaff.org.br\/insulina\/ebook\/","title":{"rendered":"Ebook"},"content":{"rendered":"\t\t<div data-elementor-type=\"wp-page\" data-elementor-id=\"790\" class=\"elementor elementor-790\" data-elementor-settings=\"[]\">\n\t\t\t\t\t\t<div class=\"elementor-inner\">\n\t\t\t\t\t\t\t<div class=\"elementor-section-wrap\">\n\t\t\t\t\t\t\t<section class=\"elementor-section elementor-top-section elementor-element elementor-element-76755ea elementor-section-boxed elementor-section-height-default elementor-section-height-default\" data-id=\"76755ea\" data-element_type=\"section\">\n\t\t\t\t\t\t<div class=\"elementor-container elementor-column-gap-default\">\n\t\t\t\t\t\t\t<div class=\"elementor-row\">\n\t\t\t\t\t<div class=\"elementor-column elementor-col-100 elementor-top-column elementor-element elementor-element-7dfb4c4\" data-id=\"7dfb4c4\" data-element_type=\"column\">\n\t\t\t<div class=\"elementor-column-wrap elementor-element-populated\">\n\t\t\t\t\t\t\t<div class=\"elementor-widget-wrap\">\n\t\t\t\t\t\t<div class=\"elementor-element elementor-element-32ef2e0 elementor-widget elementor-widget-spacer\" data-id=\"32ef2e0\" data-element_type=\"widget\" data-widget_type=\"spacer.default\">\n\t\t\t\t<div class=\"elementor-widget-container\">\n\t\t\t\t\t<div class=\"elementor-spacer\">\n\t\t\t<div class=\"elementor-spacer-inner\"><\/div>\n\t\t<\/div>\n\t\t\t\t<\/div>\n\t\t\t\t<\/div>\n\t\t\t\t\t\t<\/div>\n\t\t\t\t\t<\/div>\n\t\t<\/div>\n\t\t\t\t\t\t\t\t<\/div>\n\t\t\t\t\t<\/div>\n\t\t<\/section>\n\t\t\t\t<section class=\"elementor-section elementor-top-section elementor-element elementor-element-da38ca7 elementor-section-boxed elementor-section-height-default elementor-section-height-default\" data-id=\"da38ca7\" data-element_type=\"section\">\n\t\t\t\t\t\t<div class=\"elementor-container elementor-column-gap-default\">\n\t\t\t\t\t\t\t<div class=\"elementor-row\">\n\t\t\t\t\t<div class=\"elementor-column elementor-col-50 elementor-top-column elementor-element elementor-element-095ec53\" data-id=\"095ec53\" data-element_type=\"column\">\n\t\t\t<div class=\"elementor-column-wrap elementor-element-populated\">\n\t\t\t\t\t\t\t<div class=\"elementor-widget-wrap\">\n\t\t\t\t\t\t<div class=\"elementor-element elementor-element-4406bd4 elementor-widget elementor-widget-image\" data-id=\"4406bd4\" data-element_type=\"widget\" data-widget_type=\"image.default\">\n\t\t\t\t<div class=\"elementor-widget-container\">\n\t\t\t\t\t<div class=\"elementor-image\">\n\t\t\t\t\t\t\t\t\t\t<img width=\"724\" height=\"1024\" src=\"http:\/\/inaff.org.br\/insulina\/wp-content\/uploads\/2021\/03\/CAPA-E-BOOK-724x1024.png\" class=\"attachment-large size-large\" alt=\"\" loading=\"lazy\" srcset=\"http:\/\/inaff.org.br\/insulina\/wp-content\/uploads\/2021\/03\/CAPA-E-BOOK-724x1024.png 724w, http:\/\/inaff.org.br\/insulina\/wp-content\/uploads\/2021\/03\/CAPA-E-BOOK-212x300.png 212w, http:\/\/inaff.org.br\/insulina\/wp-content\/uploads\/2021\/03\/CAPA-E-BOOK-768x1086.png 768w, http:\/\/inaff.org.br\/insulina\/wp-content\/uploads\/2021\/03\/CAPA-E-BOOK-1086x1536.png 1086w, http:\/\/inaff.org.br\/insulina\/wp-content\/uploads\/2021\/03\/CAPA-E-BOOK-1448x2048.png 1448w\" sizes=\"(max-width: 724px) 100vw, 724px\" \/>\t\t\t\t\t\t\t\t\t\t\t<\/div>\n\t\t\t\t<\/div>\n\t\t\t\t<\/div>\n\t\t\t\t\t\t<\/div>\n\t\t\t\t\t<\/div>\n\t\t<\/div>\n\t\t\t\t<div class=\"elementor-column elementor-col-50 elementor-top-column elementor-element elementor-element-2e8e75f\" data-id=\"2e8e75f\" data-element_type=\"column\">\n\t\t\t<div class=\"elementor-column-wrap elementor-element-populated\">\n\t\t\t\t\t\t\t<div class=\"elementor-widget-wrap\">\n\t\t\t\t\t\t<div class=\"elementor-element elementor-element-2b0a690 elementor-widget elementor-widget-heading\" data-id=\"2b0a690\" data-element_type=\"widget\" data-widget_type=\"heading.default\">\n\t\t\t\t<div class=\"elementor-widget-container\">\n\t\t\t<h2 class=\"elementor-heading-title elementor-size-default\">SEGURAN\u00c7A DO PACIENTE NA\nADMINISTRA\u00c7\u00c3O DE INSULINA E\nESTRAT\u00c9GIAS DE MINIMIZA\u00c7\u00c3O DE RISCOS<\/h2>\t\t<\/div>\n\t\t\t\t<\/div>\n\t\t\t\t<div class=\"elementor-element elementor-element-dd2d176 elementor-widget elementor-widget-text-editor\" data-id=\"dd2d176\" data-element_type=\"widget\" data-widget_type=\"text-editor.default\">\n\t\t\t\t<div class=\"elementor-widget-container\">\n\t\t\t\t\t<div class=\"elementor-text-editor elementor-clearfix\"><p>E-book oficial do Curso.<\/p><\/div>\n\t\t\t\t<\/div>\n\t\t\t\t<\/div>\n\t\t\t\t<div class=\"elementor-element elementor-element-147dcdc elementor-widget elementor-widget-button\" data-id=\"147dcdc\" data-element_type=\"widget\" data-widget_type=\"button.default\">\n\t\t\t\t<div class=\"elementor-widget-container\">\n\t\t\t\t\t<div class=\"elementor-button-wrapper\">\n\t\t\t<a href=\"http:\/\/inaff.org.br\/insulina\/wp-content\/uploads\/2021\/03\/E-BOOK-DIABETES-2021-ok.pdf\" target=\"_blank\" class=\"elementor-button-link elementor-button elementor-size-sm\" role=\"button\">\n\t\t\t\t\t\t<span class=\"elementor-button-content-wrapper\">\n\t\t\t\t\t\t<span class=\"elementor-button-text\">Download do E-book<\/span>\n\t\t<\/span>\n\t\t\t\t\t<\/a>\n\t\t<\/div>\n\t\t\t\t<\/div>\n\t\t\t\t<\/div>\n\t\t\t\t\t\t<\/div>\n\t\t\t\t\t<\/div>\n\t\t<\/div>\n\t\t\t\t\t\t\t\t<\/div>\n\t\t\t\t\t<\/div>\n\t\t<\/section>\n\t\t\t\t<section class=\"elementor-section elementor-top-section elementor-element elementor-element-098fc40 elementor-section-boxed elementor-section-height-default elementor-section-height-default\" data-id=\"098fc40\" data-element_type=\"section\">\n\t\t\t\t\t\t<div class=\"elementor-container elementor-column-gap-default\">\n\t\t\t\t\t\t\t<div class=\"elementor-row\">\n\t\t\t\t\t<div class=\"elementor-column elementor-col-100 elementor-top-column elementor-element elementor-element-ebcb0f3\" data-id=\"ebcb0f3\" data-element_type=\"column\">\n\t\t\t<div class=\"elementor-column-wrap elementor-element-populated\">\n\t\t\t\t\t\t\t<div class=\"elementor-widget-wrap\">\n\t\t\t\t\t\t<div class=\"elementor-element elementor-element-c20f53f elementor-widget elementor-widget-spacer\" data-id=\"c20f53f\" data-element_type=\"widget\" data-widget_type=\"spacer.default\">\n\t\t\t\t<div class=\"elementor-widget-container\">\n\t\t\t\t\t<div class=\"elementor-spacer\">\n\t\t\t<div class=\"elementor-spacer-inner\"><\/div>\n\t\t<\/div>\n\t\t\t\t<\/div>\n\t\t\t\t<\/div>\n\t\t\t\t\t\t<\/div>\n\t\t\t\t\t<\/div>\n\t\t<\/div>\n\t\t\t\t\t\t\t\t<\/div>\n\t\t\t\t\t<\/div>\n\t\t<\/section>\n\t\t\t\t\t\t<\/div>\n\t\t\t\t\t\t<\/div>\n\t\t\t\t\t<\/div>\n\t\t","protected":false},"excerpt":{"rendered":"<p>SEGURAN\u00c7A DO PACIENTE NA ADMINISTRA\u00c7\u00c3O DE INSULINA E ESTRAT\u00c9GIAS DE MINIMIZA\u00c7\u00c3O DE RISCOS E-book oficial do Curso. Download do E-book<\/p>\n","protected":false},"author":1,"featured_media":0,"parent":0,"menu_order":0,"comment_status":"closed","ping_status":"closed","template":"","meta":[],"_links":{"self":[{"href":"http:\/\/inaff.org.br\/insulina\/wp-json\/wp\/v2\/pages\/790"}],"collection":[{"href":"http:\/\/inaff.org.br\/insulina\/wp-json\/wp\/v2\/pages"}],"about":[{"href":"http:\/\/inaff.org.br\/insulina\/wp-json\/wp\/v2\/types\/page"}],"author":[{"embeddable":true,"href":"http:\/\/inaff.org.br\/insulina\/wp-json\/wp\/v2\/users\/1"}],"replies":[{"embeddable":true,"href":"http:\/\/inaff.org.br\/insulina\/wp-json\/wp\/v2\/comments?post=790"}],"version-history":[{"count":19,"href":"http:\/\/inaff.org.br\/insulina\/wp-json\/wp\/v2\/pages\/790\/revisions"}],"predecessor-version":[{"id":1328,"href":"http:\/\/inaff.org.br\/insulina\/wp-json\/wp\/v2\/pages\/790\/revisions\/1328"}],"wp:attachment":[{"href":"http:\/\/inaff.org.br\/insulina\/wp-json\/wp\/v2\/media?parent=790"}],"curies":[{"name":"wp","href":"https:\/\/api.w.org\/{rel}","templated":true}]}}