{"id":410,"date":"2021-02-15T15:11:30","date_gmt":"2021-02-15T18:11:30","guid":{"rendered":"http:\/\/inaff.org.br\/insulina\/?page_id=410"},"modified":"2021-03-03T12:18:41","modified_gmt":"2021-03-03T15:18:41","slug":"conteudo-programatico","status":"publish","type":"page","link":"http:\/\/inaff.org.br\/insulina\/conteudo-programatico\/","title":{"rendered":"Conte\u00fado Program\u00e1tico"},"content":{"rendered":"\t\t<div data-elementor-type=\"wp-page\" data-elementor-id=\"410\" class=\"elementor elementor-410\" data-elementor-settings=\"[]\">\n\t\t\t\t\t\t<div class=\"elementor-inner\">\n\t\t\t\t\t\t\t<div class=\"elementor-section-wrap\">\n\t\t\t\t\t\t\t<section class=\"elementor-section elementor-top-section elementor-element elementor-element-b3edf7b elementor-section-boxed elementor-section-height-default elementor-section-height-default\" data-id=\"b3edf7b\" data-element_type=\"section\">\n\t\t\t\t\t\t<div class=\"elementor-container elementor-column-gap-default\">\n\t\t\t\t\t\t\t<div class=\"elementor-row\">\n\t\t\t\t\t<div class=\"elementor-column elementor-col-100 elementor-top-column elementor-element elementor-element-66b93a6\" data-id=\"66b93a6\" data-element_type=\"column\">\n\t\t\t<div class=\"elementor-column-wrap elementor-element-populated\">\n\t\t\t\t\t\t\t<div class=\"elementor-widget-wrap\">\n\t\t\t\t\t\t<div class=\"elementor-element elementor-element-a04589e elementor-widget elementor-widget-image\" data-id=\"a04589e\" data-element_type=\"widget\" data-widget_type=\"image.default\">\n\t\t\t\t<div class=\"elementor-widget-container\">\n\t\t\t\t\t<div class=\"elementor-image\">\n\t\t\t\t\t\t\t\t\t\t<img width=\"1920\" height=\"1000\" src=\"http:\/\/inaff.org.br\/insulina\/wp-content\/uploads\/2021\/03\/banner_site2-1.png\" class=\"attachment-full size-full\" alt=\"\" loading=\"lazy\" srcset=\"http:\/\/inaff.org.br\/insulina\/wp-content\/uploads\/2021\/03\/banner_site2-1.png 1920w, http:\/\/inaff.org.br\/insulina\/wp-content\/uploads\/2021\/03\/banner_site2-1-300x156.png 300w, http:\/\/inaff.org.br\/insulina\/wp-content\/uploads\/2021\/03\/banner_site2-1-1024x533.png 1024w, http:\/\/inaff.org.br\/insulina\/wp-content\/uploads\/2021\/03\/banner_site2-1-768x400.png 768w, http:\/\/inaff.org.br\/insulina\/wp-content\/uploads\/2021\/03\/banner_site2-1-1536x800.png 1536w\" sizes=\"(max-width: 1920px) 100vw, 1920px\" \/>\t\t\t\t\t\t\t\t\t\t\t<\/div>\n\t\t\t\t<\/div>\n\t\t\t\t<\/div>\n\t\t\t\t\t\t<\/div>\n\t\t\t\t\t<\/div>\n\t\t<\/div>\n\t\t\t\t\t\t\t\t<\/div>\n\t\t\t\t\t<\/div>\n\t\t<\/section>\n\t\t\t\t<section class=\"elementor-section elementor-top-section elementor-element elementor-element-933d11d elementor-section-boxed elementor-section-height-default elementor-section-height-default\" data-id=\"933d11d\" data-element_type=\"section\">\n\t\t\t\t\t\t<div class=\"elementor-container elementor-column-gap-default\">\n\t\t\t\t\t\t\t<div class=\"elementor-row\">\n\t\t\t\t\t<div class=\"elementor-column elementor-col-100 elementor-top-column elementor-element elementor-element-407ccc7\" data-id=\"407ccc7\" data-element_type=\"column\">\n\t\t\t<div class=\"elementor-column-wrap elementor-element-populated\">\n\t\t\t\t\t\t\t<div class=\"elementor-widget-wrap\">\n\t\t\t\t\t\t<section class=\"elementor-section elementor-inner-section elementor-element elementor-element-af80796 elementor-section-boxed elementor-section-height-default elementor-section-height-default\" data-id=\"af80796\" data-element_type=\"section\">\n\t\t\t\t\t\t<div class=\"elementor-container elementor-column-gap-default\">\n\t\t\t\t\t\t\t<div class=\"elementor-row\">\n\t\t\t\t\t<div class=\"elementor-column elementor-col-50 elementor-inner-column elementor-element elementor-element-28ce37c\" data-id=\"28ce37c\" data-element_type=\"column\">\n\t\t\t<div class=\"elementor-column-wrap elementor-element-populated\">\n\t\t\t\t\t\t\t<div class=\"elementor-widget-wrap\">\n\t\t\t\t\t\t<div class=\"elementor-element elementor-element-b81df04 elementor-widget elementor-widget-text-editor\" data-id=\"b81df04\" data-element_type=\"widget\" data-widget_type=\"text-editor.default\">\n\t\t\t\t<div class=\"elementor-widget-container\">\n\t\t\t\t\t<div class=\"elementor-text-editor elementor-clearfix\"><div class=\"elementor-element elementor-element-6baa932 elementor-widget elementor-widget-heading\" data-id=\"6baa932\" data-element_type=\"widget\" data-widget_type=\"heading.default\"><div class=\"elementor-widget-container\"><h2 class=\"elementor-heading-title elementor-size-default\"><b>PROGRAMA DO CURSO<\/b><\/h2><\/div><\/div><div class=\"elementor-element elementor-element-4ef0ffa elementor-widget elementor-widget-text-editor\" data-id=\"4ef0ffa\" data-element_type=\"widget\" data-widget_type=\"text-editor.default\"><div class=\"elementor-widget-container\"><div class=\"elementor-text-editor elementor-clearfix\"><ol><li style=\"font-weight: 400;\" aria-level=\"1\">Gest\u00e3o e Pol\u00edtica da Assist\u00eancia Farmac\u00eautica com foco no paciente diab\u00e9tico: acesso e uso racional de medicamentos do tratamento da diabetes na aten\u00e7\u00e3o b\u00e1sica;<\/li><li style=\"font-weight: 400;\" aria-level=\"1\">O Tratamento da diabetes com foco na insulinoterapia;<\/li><li style=\"font-weight: 400;\" aria-level=\"1\">Crit\u00e9rios t\u00e9cnicos e cient\u00edficos para a armazenamento, transporte, dispensa\u00e7\u00e3o e utiliza\u00e7\u00e3o das canetas de insulina;<\/li><li style=\"font-weight: 400;\" aria-level=\"1\">Caracter\u00edsticas das canetas de insulinas e seu uso;<\/li><li style=\"font-weight: 400;\" aria-level=\"1\">Caracter\u00edsticas das agulhas para aplica\u00e7\u00e3o de insulina por canetas;<\/li><li style=\"font-weight: 400;\" aria-level=\"1\">Preparo e aplica\u00e7\u00e3o das canetas e seringas de insulina;<\/li><li style=\"font-weight: 400;\" aria-level=\"1\">Identificar os riscos e consequ\u00eancias relacionados ao uso de canetas e outros insumos empregados no tratamento do paciente diab\u00e9tico;<\/li><li style=\"font-weight: 400;\" aria-level=\"1\">A interface entre a Assist\u00eancia Farmac\u00eautica e a Seguran\u00e7a do Paciente no SUS;<\/li><li style=\"font-weight: 400;\" aria-level=\"1\">Tecnologia de Administra\u00e7\u00e3o de Insulinas: diferen\u00e7as das tecnologias \u2013 canetas\/tubetes, frascos e seringas.<\/li><li style=\"font-weight: 400;\" aria-level=\"1\">Papel do Farmac\u00eautico na orienta\u00e7\u00e3o do paciente diab\u00e9tico.<\/li><\/ol><\/div><\/div><\/div><\/div>\n\t\t\t\t<\/div>\n\t\t\t\t<\/div>\n\t\t\t\t\t\t<\/div>\n\t\t\t\t\t<\/div>\n\t\t<\/div>\n\t\t\t\t<div class=\"elementor-column elementor-col-50 elementor-inner-column elementor-element elementor-element-8ab042a\" data-id=\"8ab042a\" data-element_type=\"column\">\n\t\t\t<div class=\"elementor-column-wrap elementor-element-populated\">\n\t\t\t\t\t\t\t<div class=\"elementor-widget-wrap\">\n\t\t\t\t\t\t<div class=\"elementor-element elementor-element-59c4c2c elementor-widget elementor-widget-text-editor\" data-id=\"59c4c2c\" data-element_type=\"widget\" data-widget_type=\"text-editor.default\">\n\t\t\t\t<div class=\"elementor-widget-container\">\n\t\t\t\t\t<div class=\"elementor-text-editor elementor-clearfix\"><div class=\"elementor-element elementor-element-6baa932 elementor-widget elementor-widget-heading\" data-id=\"6baa932\" data-element_type=\"widget\" data-widget_type=\"heading.default\"><div class=\"elementor-widget-container\"><h2 class=\"elementor-heading-title elementor-size-default\"><b>METODOLOGIA<\/b><\/h2><\/div><\/div><div class=\"elementor-element elementor-element-4ef0ffa elementor-widget elementor-widget-text-editor\" data-id=\"4ef0ffa\" data-element_type=\"widget\" data-widget_type=\"text-editor.default\"><div class=\"elementor-widget-container\"><div class=\"elementor-text-editor elementor-clearfix\"><ul><li style=\"font-weight: 400;\" aria-level=\"1\"><span style=\"font-size: 16px; font-weight: 400;\">O curso ser\u00e1 realizado atrav\u00e9s de um encontro virtual com dura\u00e7\u00e3o de 4 horas, em cada SES, incluindo profissionais e gestores dos munic\u00edpios e centros de refer\u00eancia;<\/span><\/li><li style=\"font-weight: 400;\" aria-level=\"1\"><span style=\"font-size: 16px; font-weight: 400;\">O programa ser\u00e1 baseado no diagn\u00f3stico situacional sobre os principais problemas sobre armazenamento, transporte, dispensa\u00e7\u00e3o e utiliza\u00e7\u00e3o de insulina nos Estados selecionados para o treinamento atrav\u00e9s de question\u00e1rio aplicado aos gestores;<\/span><\/li><li style=\"font-weight: 400;\" aria-level=\"1\"><span style=\"font-size: 16px; font-weight: 400;\">O curso ficar\u00e1 disponibilizado na plataforma INAFF no formato de v\u00eddeo-aula, bem como todo o material did\u00e1tico complementar.<\/span><\/li><\/ul><\/div><\/div><div class=\"elementor-element elementor-element-6baa932 elementor-widget elementor-widget-heading\" data-id=\"6baa932\" data-element_type=\"widget\" data-widget_type=\"heading.default\"><div class=\"elementor-widget-container\"><h2 class=\"elementor-heading-title elementor-size-default\"><b>MATERIAL COMPLEMENTAR<\/b><\/h2><\/div><\/div><div class=\"elementor-element elementor-element-4ef0ffa elementor-widget elementor-widget-text-editor\" data-id=\"4ef0ffa\" data-element_type=\"widget\" data-widget_type=\"text-editor.default\"><div class=\"elementor-widget-container\"><div class=\"elementor-text-editor elementor-clearfix\"><ul><li style=\"font-weight: 400;\" aria-level=\"1\"><span style=\"font-weight: 400;\">V\u00eddeos instrucionais para profissionais<\/span><\/li><li style=\"font-weight: 400;\" aria-level=\"1\"><span style=\"font-weight: 400;\">E-book<\/span><\/li><li style=\"font-weight: 400;\" aria-level=\"1\"><span style=\"font-weight: 400;\">Cartilhas<\/span><\/li><\/ul><\/div><\/div><\/div><\/div><\/div>\n\t\t\t\t<\/div>\n\t\t\t\t<\/div>\n\t\t\t\t\t\t<\/div>\n\t\t\t\t\t<\/div>\n\t\t<\/div>\n\t\t\t\t\t\t\t\t<\/div>\n\t\t\t\t\t<\/div>\n\t\t<\/section>\n\t\t\t\t\t\t<\/div>\n\t\t\t\t\t<\/div>\n\t\t<\/div>\n\t\t\t\t\t\t\t\t<\/div>\n\t\t\t\t\t<\/div>\n\t\t<\/section>\n\t\t\t\t\t\t<\/div>\n\t\t\t\t\t\t<\/div>\n\t\t\t\t\t<\/div>\n\t\t","protected":false},"excerpt":{"rendered":"<p>PROGRAMA DO CURSO Gest\u00e3o e Pol\u00edtica da Assist\u00eancia Farmac\u00eautica com foco no paciente diab\u00e9tico: acesso e uso racional de medicamentos do tratamento da diabetes na aten\u00e7\u00e3o b\u00e1sica; O Tratamento da diabetes com foco na insulinoterapia; Crit\u00e9rios t\u00e9cnicos e cient\u00edficos para a armazenamento, transporte, dispensa\u00e7\u00e3o e utiliza\u00e7\u00e3o das canetas de insulina; Caracter\u00edsticas das canetas de insulinas &hellip;<\/p>\n<p class=\"read-more\"> <a class=\"\" href=\"http:\/\/inaff.org.br\/insulina\/conteudo-programatico\/\"> <span class=\"screen-reader-text\">Conte\u00fado Program\u00e1tico<\/span> Leia mais \u00bb<\/a><\/p>\n","protected":false},"author":1,"featured_media":0,"parent":0,"menu_order":0,"comment_status":"closed","ping_status":"closed","template":"","meta":[],"_links":{"self":[{"href":"http:\/\/inaff.org.br\/insulina\/wp-json\/wp\/v2\/pages\/410"}],"collection":[{"href":"http:\/\/inaff.org.br\/insulina\/wp-json\/wp\/v2\/pages"}],"about":[{"href":"http:\/\/inaff.org.br\/insulina\/wp-json\/wp\/v2\/types\/page"}],"author":[{"embeddable":true,"href":"http:\/\/inaff.org.br\/insulina\/wp-json\/wp\/v2\/users\/1"}],"replies":[{"embeddable":true,"href":"http:\/\/inaff.org.br\/insulina\/wp-json\/wp\/v2\/comments?post=410"}],"version-history":[{"count":35,"href":"http:\/\/inaff.org.br\/insulina\/wp-json\/wp\/v2\/pages\/410\/revisions"}],"predecessor-version":[{"id":1100,"href":"http:\/\/inaff.org.br\/insulina\/wp-json\/wp\/v2\/pages\/410\/revisions\/1100"}],"wp:attachment":[{"href":"http:\/\/inaff.org.br\/insulina\/wp-json\/wp\/v2\/media?parent=410"}],"curies":[{"name":"wp","href":"https:\/\/api.w.org\/{rel}","templated":true}]}}