{"id":1240,"date":"2021-03-11T09:34:02","date_gmt":"2021-03-11T12:34:02","guid":{"rendered":"http:\/\/inaff.org.br\/insulina\/?page_id=1240"},"modified":"2022-05-03T13:18:48","modified_gmt":"2022-05-03T16:18:48","slug":"aulaaovivo","status":"publish","type":"page","link":"http:\/\/inaff.org.br\/insulina\/aulaaovivo\/","title":{"rendered":"AULA AO VIVO"},"content":{"rendered":"\t\t<div data-elementor-type=\"wp-page\" data-elementor-id=\"1240\" class=\"elementor elementor-1240\" data-elementor-settings=\"[]\">\n\t\t\t\t\t\t<div class=\"elementor-inner\">\n\t\t\t\t\t\t\t<div class=\"elementor-section-wrap\">\n\t\t\t\t\t\t\t<section class=\"elementor-section elementor-top-section elementor-element elementor-element-098dcf4 elementor-section-boxed elementor-section-height-default elementor-section-height-default\" data-id=\"098dcf4\" data-element_type=\"section\">\n\t\t\t\t\t\t<div class=\"elementor-container elementor-column-gap-default\">\n\t\t\t\t\t\t\t<div class=\"elementor-row\">\n\t\t\t\t\t<div class=\"elementor-column elementor-col-100 elementor-top-column elementor-element elementor-element-3856cb8\" data-id=\"3856cb8\" data-element_type=\"column\">\n\t\t\t<div class=\"elementor-column-wrap elementor-element-populated\">\n\t\t\t\t\t\t\t<div class=\"elementor-widget-wrap\">\n\t\t\t\t\t\t<div class=\"elementor-element elementor-element-602d14a elementor-widget elementor-widget-spacer\" data-id=\"602d14a\" data-element_type=\"widget\" data-widget_type=\"spacer.default\">\n\t\t\t\t<div class=\"elementor-widget-container\">\n\t\t\t\t\t<div class=\"elementor-spacer\">\n\t\t\t<div class=\"elementor-spacer-inner\"><\/div>\n\t\t<\/div>\n\t\t\t\t<\/div>\n\t\t\t\t<\/div>\n\t\t\t\t\t\t<\/div>\n\t\t\t\t\t<\/div>\n\t\t<\/div>\n\t\t\t\t\t\t\t\t<\/div>\n\t\t\t\t\t<\/div>\n\t\t<\/section>\n\t\t\t\t<section class=\"elementor-section elementor-top-section elementor-element elementor-element-a055e8b elementor-section-boxed elementor-section-height-default elementor-section-height-default\" data-id=\"a055e8b\" data-element_type=\"section\">\n\t\t\t\t\t\t<div class=\"elementor-container elementor-column-gap-default\">\n\t\t\t\t\t\t\t<div class=\"elementor-row\">\n\t\t\t\t\t<div class=\"elementor-column elementor-col-100 elementor-top-column elementor-element elementor-element-e99f1a7\" data-id=\"e99f1a7\" data-element_type=\"column\">\n\t\t\t<div class=\"elementor-column-wrap elementor-element-populated\">\n\t\t\t\t\t\t\t<div class=\"elementor-widget-wrap\">\n\t\t\t\t\t\t<div class=\"elementor-element elementor-element-3111c6f elementor-widget elementor-widget-heading\" data-id=\"3111c6f\" data-element_type=\"widget\" data-widget_type=\"heading.default\">\n\t\t\t\t<div class=\"elementor-widget-container\">\n\t\t\t<h2 class=\"elementor-heading-title elementor-size-default\">AULA AO VIVO<\/h2>\t\t<\/div>\n\t\t\t\t<\/div>\n\t\t\t\t\t\t<\/div>\n\t\t\t\t\t<\/div>\n\t\t<\/div>\n\t\t\t\t\t\t\t\t<\/div>\n\t\t\t\t\t<\/div>\n\t\t<\/section>\n\t\t\t\t<section class=\"elementor-section elementor-top-section elementor-element elementor-element-df2535b elementor-section-boxed elementor-section-height-default elementor-section-height-default\" data-id=\"df2535b\" data-element_type=\"section\">\n\t\t\t\t\t\t<div class=\"elementor-container elementor-column-gap-default\">\n\t\t\t\t\t\t\t<div class=\"elementor-row\">\n\t\t\t\t\t<div class=\"elementor-column elementor-col-50 elementor-top-column elementor-element elementor-element-1c3f7dd\" data-id=\"1c3f7dd\" data-element_type=\"column\">\n\t\t\t<div class=\"elementor-column-wrap elementor-element-populated\">\n\t\t\t\t\t\t\t<div class=\"elementor-widget-wrap\">\n\t\t\t\t\t\t<div class=\"elementor-element elementor-element-43b7da9 elementor-widget elementor-widget-html\" data-id=\"43b7da9\" data-element_type=\"widget\" data-widget_type=\"html.default\">\n\t\t\t\t<div class=\"elementor-widget-container\">\n\t\t\t<div style=\"padding:56.25% 0 0 0;position:relative;\"><iframe src=\"https:\/\/vimeo.com\/event\/2083612\/embed\" frameborder=\"0\" allow=\"autoplay; fullscreen; picture-in-picture\" allowfullscreen style=\"position:absolute;top:0;left:0;width:100%;height:100%;\"><\/iframe><\/div>\t\t<\/div>\n\t\t\t\t<\/div>\n\t\t\t\t\t\t<\/div>\n\t\t\t\t\t<\/div>\n\t\t<\/div>\n\t\t\t\t<div class=\"elementor-column elementor-col-50 elementor-top-column elementor-element elementor-element-bb67d24\" data-id=\"bb67d24\" data-element_type=\"column\">\n\t\t\t<div class=\"elementor-column-wrap elementor-element-populated\">\n\t\t\t\t\t\t\t<div class=\"elementor-widget-wrap\">\n\t\t\t\t\t\t<div class=\"elementor-element elementor-element-5e0387a elementor-widget elementor-widget-html\" data-id=\"5e0387a\" data-element_type=\"widget\" data-widget_type=\"html.default\">\n\t\t\t\t<div class=\"elementor-widget-container\">\n\t\t\t<script>\r\n        (function(w,d,u){\r\n                var s=d.createElement('script');s.async=true;s.src=u+'?'+(Date.now()\/60000|0);\r\n                var h=d.getElementsByTagName('script')[0];h.parentNode.insertBefore(s,h);\r\n        })(window,document,'https:\/\/cdn.bitrix24.com.br\/b18686193\/crm\/site_button\/loader_5_g7bmf8.js');\r\n<\/script>\t\t<\/div>\n\t\t\t\t<\/div>\n\t\t\t\t\t\t<\/div>\n\t\t\t\t\t<\/div>\n\t\t<\/div>\n\t\t\t\t\t\t\t\t<\/div>\n\t\t\t\t\t<\/div>\n\t\t<\/section>\n\t\t\t\t<section class=\"elementor-section elementor-top-section elementor-element elementor-element-f868dbe elementor-section-boxed elementor-section-height-default elementor-section-height-default\" data-id=\"f868dbe\" data-element_type=\"section\">\n\t\t\t\t\t\t<div class=\"elementor-container elementor-column-gap-default\">\n\t\t\t\t\t\t\t<div class=\"elementor-row\">\n\t\t\t\t\t<div class=\"elementor-column elementor-col-100 elementor-top-column elementor-element elementor-element-2f6461b\" data-id=\"2f6461b\" data-element_type=\"column\">\n\t\t\t<div class=\"elementor-column-wrap elementor-element-populated\">\n\t\t\t\t\t\t\t<div class=\"elementor-widget-wrap\">\n\t\t\t\t\t\t<div class=\"elementor-element elementor-element-93b90c8 elementor-align-center elementor-widget elementor-widget-button\" data-id=\"93b90c8\" data-element_type=\"widget\" data-widget_type=\"button.default\">\n\t\t\t\t<div class=\"elementor-widget-container\">\n\t\t\t\t\t<div class=\"elementor-button-wrapper\">\n\t\t\t<a href=\"https:\/\/wa.me\/message\/7ZL62UJ32TYIO1\" class=\"elementor-button-link elementor-button elementor-size-sm\" role=\"button\">\n\t\t\t\t\t\t<span class=\"elementor-button-content-wrapper\">\n\t\t\t\t\t\t<span class=\"elementor-button-text\">Fale aqui com nossa equipe<\/span>\n\t\t<\/span>\n\t\t\t\t\t<\/a>\n\t\t<\/div>\n\t\t\t\t<\/div>\n\t\t\t\t<\/div>\n\t\t\t\t\t\t<\/div>\n\t\t\t\t\t<\/div>\n\t\t<\/div>\n\t\t\t\t\t\t\t\t<\/div>\n\t\t\t\t\t<\/div>\n\t\t<\/section>\n\t\t\t\t<section class=\"elementor-section elementor-top-section elementor-element elementor-element-90f3972 elementor-section-boxed elementor-section-height-default elementor-section-height-default\" data-id=\"90f3972\" data-element_type=\"section\">\n\t\t\t\t\t\t<div class=\"elementor-container elementor-column-gap-default\">\n\t\t\t\t\t\t\t<div class=\"elementor-row\">\n\t\t\t\t\t<div class=\"elementor-column elementor-col-50 elementor-top-column elementor-element elementor-element-a862f4f\" data-id=\"a862f4f\" data-element_type=\"column\">\n\t\t\t<div class=\"elementor-column-wrap elementor-element-populated\">\n\t\t\t\t\t\t\t<div class=\"elementor-widget-wrap\">\n\t\t\t\t\t\t<div class=\"elementor-element elementor-element-c845f4f elementor-widget elementor-widget-spacer\" data-id=\"c845f4f\" data-element_type=\"widget\" data-widget_type=\"spacer.default\">\n\t\t\t\t<div class=\"elementor-widget-container\">\n\t\t\t\t\t<div class=\"elementor-spacer\">\n\t\t\t<div class=\"elementor-spacer-inner\"><\/div>\n\t\t<\/div>\n\t\t\t\t<\/div>\n\t\t\t\t<\/div>\n\t\t\t\t<div class=\"elementor-element elementor-element-dad14f8 elementor-invisible elementor-widget elementor-widget-heading\" data-id=\"dad14f8\" data-element_type=\"widget\" data-settings=\"{&quot;_animation&quot;:&quot;fadeInLeft&quot;}\" data-widget_type=\"heading.default\">\n\t\t\t\t<div class=\"elementor-widget-container\">\n\t\t\t<h2 class=\"elementor-heading-title elementor-size-default\">TRANSMISS\u00c3O DA AULA AO VIVO<\/h2>\t\t<\/div>\n\t\t\t\t<\/div>\n\t\t\t\t<div class=\"elementor-element elementor-element-fb25b07 elementor-widget elementor-widget-text-editor\" data-id=\"fb25b07\" data-element_type=\"widget\" data-widget_type=\"text-editor.default\">\n\t\t\t\t<div class=\"elementor-widget-container\">\n\t\t\t\t\t<div class=\"elementor-text-editor elementor-clearfix\"><p>Hoje participar\u00e3o de nossa aula:\u00a0<\/p><ul><li><p><b>Lindemberg Assun\u00e7\u00e3o Costa \u2013 UFBA\/INAFF<\/b><\/p><p><span style=\"font-weight: 400;\">Professor da Faculdade de Farm\u00e1cia da Universidade Federal da Bahia &#8211; UFBA<\/span><\/p><p><span style=\"font-weight: 400;\">Presidente e Fundador do Instituto Nacional de Assist\u00eancia Farmac\u00eautica e Farmacoeconomia &#8211; INAFF<\/span><\/p><p>\u00a0<\/p><p><b>Leonardo Correia Pinto<\/b><\/p><p><span style=\"font-weight: 400;\">Gerente Nacional de Acesso ao Mercado da Novo Nordisk<\/span><\/p><p>\u00a0<\/p><p><b>Ediane Bastos \u2013 DAF\/MS<\/b><\/p><p><span style=\"font-weight: 400;\">Analista T\u00e9cnica de Pol\u00edticas Sociais<\/span><\/p><p><span style=\"font-weight: 400;\">Coordenadora-Geral<\/span><\/p><p><span style=\"font-weight: 400;\">Coordena\u00e7\u00e3o Geral de Assist\u00eancia Farmac\u00eautica B\u00e1sica<\/span><\/p><p><span style=\"font-weight: 400;\">DAF\/SCTIE\/MS<\/span><\/p><p>\u00a0<\/p><p><b>Thisiane Oliveira \u2013 SES\/AC<\/b><\/p><p><span style=\"font-weight: 400;\">Secretaria de Sa\u00fade da SES\/AC<\/span><\/p><\/li><\/ul><\/div>\n\t\t\t\t<\/div>\n\t\t\t\t<\/div>\n\t\t\t\t\t\t<\/div>\n\t\t\t\t\t<\/div>\n\t\t<\/div>\n\t\t\t\t<div class=\"elementor-column elementor-col-50 elementor-top-column elementor-element elementor-element-c4d019f\" data-id=\"c4d019f\" data-element_type=\"column\">\n\t\t\t<div class=\"elementor-column-wrap elementor-element-populated\">\n\t\t\t\t\t\t\t<div class=\"elementor-widget-wrap\">\n\t\t\t\t\t\t<div class=\"elementor-element elementor-element-a0aa439 elementor-widget elementor-widget-image\" data-id=\"a0aa439\" data-element_type=\"widget\" data-widget_type=\"image.default\">\n\t\t\t\t<div class=\"elementor-widget-container\">\n\t\t\t\t\t<div class=\"elementor-image\">\n\t\t\t\t\t\t\t\t\t\t<img width=\"1000\" height=\"1000\" src=\"http:\/\/inaff.org.br\/insulina\/wp-content\/uploads\/2022\/05\/FEED.png\" class=\"attachment-large size-large\" alt=\"\" loading=\"lazy\" srcset=\"http:\/\/inaff.org.br\/insulina\/wp-content\/uploads\/2022\/05\/FEED.png 1000w, http:\/\/inaff.org.br\/insulina\/wp-content\/uploads\/2022\/05\/FEED-300x300.png 300w, http:\/\/inaff.org.br\/insulina\/wp-content\/uploads\/2022\/05\/FEED-150x150.png 150w, http:\/\/inaff.org.br\/insulina\/wp-content\/uploads\/2022\/05\/FEED-768x768.png 768w\" sizes=\"(max-width: 1000px) 100vw, 1000px\" \/>\t\t\t\t\t\t\t\t\t\t\t<\/div>\n\t\t\t\t<\/div>\n\t\t\t\t<\/div>\n\t\t\t\t\t\t<\/div>\n\t\t\t\t\t<\/div>\n\t\t<\/div>\n\t\t\t\t\t\t\t\t<\/div>\n\t\t\t\t\t<\/div>\n\t\t<\/section>\n\t\t\t\t\t\t<\/div>\n\t\t\t\t\t\t<\/div>\n\t\t\t\t\t<\/div>\n\t\t","protected":false},"excerpt":{"rendered":"<p>AULA AO VIVO Fale aqui com nossa equipe TRANSMISS\u00c3O DA AULA AO VIVO Hoje participar\u00e3o de nossa aula:\u00a0 Lindemberg Assun\u00e7\u00e3o Costa \u2013 UFBA\/INAFF Professor da Faculdade de Farm\u00e1cia da Universidade Federal da Bahia &#8211; UFBA Presidente e Fundador do Instituto Nacional de Assist\u00eancia Farmac\u00eautica e Farmacoeconomia &#8211; INAFF \u00a0 Leonardo Correia Pinto Gerente Nacional de &hellip;<\/p>\n<p class=\"read-more\"> <a class=\"\" href=\"http:\/\/inaff.org.br\/insulina\/aulaaovivo\/\"> <span class=\"screen-reader-text\">AULA AO VIVO<\/span> Leia mais \u00bb<\/a><\/p>\n","protected":false},"author":1,"featured_media":0,"parent":0,"menu_order":0,"comment_status":"closed","ping_status":"closed","template":"","meta":[],"_links":{"self":[{"href":"http:\/\/inaff.org.br\/insulina\/wp-json\/wp\/v2\/pages\/1240"}],"collection":[{"href":"http:\/\/inaff.org.br\/insulina\/wp-json\/wp\/v2\/pages"}],"about":[{"href":"http:\/\/inaff.org.br\/insulina\/wp-json\/wp\/v2\/types\/page"}],"author":[{"embeddable":true,"href":"http:\/\/inaff.org.br\/insulina\/wp-json\/wp\/v2\/users\/1"}],"replies":[{"embeddable":true,"href":"http:\/\/inaff.org.br\/insulina\/wp-json\/wp\/v2\/comments?post=1240"}],"version-history":[{"count":208,"href":"http:\/\/inaff.org.br\/insulina\/wp-json\/wp\/v2\/pages\/1240\/revisions"}],"predecessor-version":[{"id":2185,"href":"http:\/\/inaff.org.br\/insulina\/wp-json\/wp\/v2\/pages\/1240\/revisions\/2185"}],"wp:attachment":[{"href":"http:\/\/inaff.org.br\/insulina\/wp-json\/wp\/v2\/media?parent=1240"}],"curies":[{"name":"wp","href":"https:\/\/api.w.org\/{rel}","templated":true}]}}