{"id":348,"date":"2018-12-03T09:52:39","date_gmt":"2018-12-03T12:52:39","guid":{"rendered":"http:\/\/inaff.org.br\/farmhupes2019\/?page_id=348"},"modified":"2022-09-27T15:26:40","modified_gmt":"2022-09-27T18:26:40","slug":"submissao-de-resumos","status":"publish","type":"page","link":"http:\/\/inaff.org.br\/farmhupes\/submissao-de-resumos\/","title":{"rendered":"Submiss\u00e3o de Resumos"},"content":{"rendered":"\t\t<div data-elementor-type=\"wp-page\" data-elementor-id=\"348\" class=\"elementor elementor-348\">\n\t\t\t\t\t\t\t\t\t<section class=\"elementor-section elementor-top-section elementor-element elementor-element-33219822 elementor-section-boxed elementor-section-height-default elementor-section-height-default\" data-id=\"33219822\" data-element_type=\"section\">\n\t\t\t\t\t\t<div class=\"elementor-container elementor-column-gap-default\">\n\t\t\t\t\t<div class=\"elementor-column elementor-col-100 elementor-top-column elementor-element elementor-element-1d5ae541\" data-id=\"1d5ae541\" data-element_type=\"column\">\n\t\t\t<div class=\"elementor-widget-wrap elementor-element-populated\">\n\t\t\t\t\t\t\t\t<div class=\"elementor-element elementor-element-936631e elementor-widget elementor-widget-text-editor\" data-id=\"936631e\" data-element_type=\"widget\" data-widget_type=\"text-editor.default\">\n\t\t\t\t<div class=\"elementor-widget-container\">\n\t\t\t<style>\/*! elementor - v3.7.8 - 02-10-2022 *\/\n.elementor-widget-text-editor.elementor-drop-cap-view-stacked .elementor-drop-cap{background-color:#818a91;color:#fff}.elementor-widget-text-editor.elementor-drop-cap-view-framed .elementor-drop-cap{color:#818a91;border:3px solid;background-color:transparent}.elementor-widget-text-editor:not(.elementor-drop-cap-view-default) .elementor-drop-cap{margin-top:8px}.elementor-widget-text-editor:not(.elementor-drop-cap-view-default) .elementor-drop-cap-letter{width:1em;height:1em}.elementor-widget-text-editor .elementor-drop-cap{float:left;text-align:center;line-height:1;font-size:50px}.elementor-widget-text-editor .elementor-drop-cap-letter{display:inline-block}<\/style>\t\t\t\t\t\t\t\t\t\t<\/div>\n\t\t\t\t<\/div>\n\t\t\t\t<div class=\"elementor-element elementor-element-b0c6c83 elementor-button-warning elementor-align-center elementor-widget elementor-widget-button\" data-id=\"b0c6c83\" data-element_type=\"widget\" data-widget_type=\"button.default\">\n\t\t\t\t<div class=\"elementor-widget-container\">\n\t\t\t\t\t<div class=\"elementor-button-wrapper\">\n\t\t\t<a class=\"elementor-button elementor-size-sm\" role=\"button\">\n\t\t\t\t\t\t<span class=\"elementor-button-content-wrapper\">\n\t\t\t\t\t\t<span class=\"elementor-button-text\">SUBMISS\u00c3O DE RESUSMOS<\/span>\n\t\t<\/span>\n\t\t\t\t\t<\/a>\n\t\t<\/div>\n\t\t\t\t<\/div>\n\t\t\t\t<\/div>\n\t\t\t\t<div class=\"elementor-element elementor-element-e8fa46d elementor-widget elementor-widget-text-editor\" data-id=\"e8fa46d\" data-element_type=\"widget\" data-widget_type=\"text-editor.default\">\n\t\t\t\t<div class=\"elementor-widget-container\">\n\t\t\t\t\t\t\t<h2 style=\"text-align: center;\"><strong>Regulamento para submiss\u00e3o de resumos para a <\/strong><strong>II <\/strong><strong>Semana de Farm\u00e1cia do HUPES<\/strong><\/h2><h2 style=\"text-align: center;\"><strong>Orienta\u00e7\u00f5es gerais:<\/strong><\/h2>\t\t\t\t\t\t<\/div>\n\t\t\t\t<\/div>\n\t\t\t\t<div class=\"elementor-element elementor-element-d1f7c77 elementor-widget elementor-widget-text-editor\" data-id=\"d1f7c77\" data-element_type=\"widget\" data-widget_type=\"text-editor.default\">\n\t\t\t\t<div class=\"elementor-widget-container\">\n\t\t\t\t\t\t\t<p><strong>1<\/strong>. Os trabalhos dever\u00e3o atender aos eixos de pesquisa: Ensino, Gest\u00e3o e Cuidado.<br \/><strong>2<\/strong>. Os trabalhos dever\u00e3o ter resumo simples em portugu\u00eas, com um m\u00e1ximo de 3.000 caracteres (com espa\u00e7os), excluindo t\u00edtulo do trabalho, nome (s) do (s) autor (es) e institui\u00e7\u00e3o de origem.<br \/><strong>3<\/strong>. Ser\u00e1 permitido somente um autor principal mais 5 (cinco) coautores participantes do trabalho, totalizando seis pessoas.<br \/><strong>4<\/strong>. O autor principal poder\u00e1 submeter e participar de at\u00e9 10 (dez) trabalhos cient\u00edficos.<br \/><strong>5<\/strong>. O corpo do resumo dever\u00e1 estar estruturado com as se\u00e7\u00f5es: \u201cIntrodu\u00e7\u00e3o\u201d, \u201cObjetivos\u201d, \u201cM\u00e9todos\u201d, \u201cResultados e Discuss\u00e3o\u201d e \u201cConclus\u00e3o\u201d. Trabalhos sem resultados claramente descritos (ex.: \u201cresultados ser\u00e3o discutidos no F\u00f3rum\u201d) n\u00e3o ser\u00e3o aceitos.<br \/><strong>6<\/strong>. O resumo deve ser enviado em formato WORD para o e-mail: comissaocientifica.sfh@gmail.com e o t\u00edtulo do e-mail deve conter o eixo da pesquisa (ensino, gest\u00e3o ou cuidado). Ex: \u201cEixo Ensino\u201d.<br \/><strong>7<\/strong>. No trabalho que envolver dados de pacientes dever\u00e1 ser informado o n\u00famero de aprova\u00e7\u00e3o do Comit\u00ea de \u00c9tica no corpo do e-mail.<br \/><strong>8<\/strong>. Para que o resumo seja aceito, o autor principal dever\u00e1 estar inscrito na II Semana de Farm\u00e1cia. Portanto, antes de enviar o seu trabalho, fa\u00e7a sua inscri\u00e7\u00e3o pelo site.<\/p><p style=\"text-align: center;\"><strong>Prazo para envio<\/strong><br \/>O prazo final para envio dos trabalhos \u00e9 dia 26 de outubro de 2022.<\/p><p><strong>Avalia\u00e7\u00e3o;<\/strong><br \/><strong>1.<\/strong> Os resumos ser\u00e3o avaliados atendendo aos crit\u00e9rios de \u201cOriginalidade e relev\u00e2ncia do trabalho\u201d, \u201cPertin\u00eancia do t\u00edtulo e qualidade da introdu\u00e7\u00e3o\u201d, \u201cMetodologia utilizada\u201d, \u201cAn\u00e1lise de dados.Resultados e discuss\u00e3o: articula\u00e7\u00e3o te\u00f3rica e metodol\u00f3gica\u201d, \u201cClareza, pertin\u00eancia e alcance dos objetivos\u201d e \u201cQualidade da reda\u00e7\u00e3o e organiza\u00e7\u00e3o do texto\u201d.<br \/><strong>2.<\/strong> Ser\u00e3o exclu\u00eddos os trabalhos que n\u00e3o atenderem aos eixos tem\u00e1ticos e n\u00e3o tiverem aprova\u00e7\u00e3o no CEP nos casos em que a submiss\u00e3o for necess\u00e1ria (Resolu\u00e7\u00e3o 466 de 2012). <br \/><strong>3.<\/strong> Caso haja empate na escolha dos trabalhos, ser\u00e3o utilizados os seguintes crit\u00e9rios na ordem que segue:<br \/>a. Originalidade e relev\u00e2ncia;<br \/>b. An\u00e1lise de dados_resultados e discuss\u00e3o: articula\u00e7\u00e3o te\u00f3rica e metodol\u00f3gica.<br \/>c. Se o empate persistir ser\u00e1 decidido por consenso entre os avaliadores.<\/p><p><br \/><strong>Aprova\u00e7\u00e3o e apresenta\u00e7\u00e3o;<\/strong><br \/><strong>1.<\/strong> O autor principal receber\u00e1 a informa\u00e7\u00e3o se o seu trabalho foi aprovado atrav\u00e9s do endere\u00e7o de e-mail utilizado para envio do resumo. <br \/><strong>2.<\/strong> Os trabalhos ser\u00e3o apresentados no formato de e-P\u00f4ster no site da II Semana de Farm\u00e1cia do Hupes.<br \/><strong>3<\/strong>. Junto ao e-mail de aprova\u00e7\u00e3o ser\u00e3o enviadas as orienta\u00e7\u00f5es para formata\u00e7\u00e3o do e-P\u00f4ster. <br \/><strong>4<\/strong>. Os resumos aprovados ser\u00e3o publicados como Anais da II Semana de Farm\u00e1cia do Complexo HUPES no Jornal de Assist\u00eancia Farmac\u00eautica e Farmacoeconomia (JAFF).<\/p><p><strong>Men\u00e7\u00e3o Honrosa<\/strong><br \/>Ser\u00e1 concedido diploma de \u201cMen\u00e7\u00e3o Honrosa\u201d para os 4 (quatro) melhores trabalhos selecionados. A premia\u00e7\u00e3o ser\u00e1 divulgada durante a cerim\u00f4nia de encerramento da II Semana de Farm\u00e1cia do Hupes.<\/p>\t\t\t\t\t\t<\/div>\n\t\t\t\t<\/div>\n\t\t\t\t\t<\/div>\n\t\t<\/div>\n\t\t\t\t\t\t\t<\/div>\n\t\t<\/section>\n\t\t\t\t<section class=\"elementor-section elementor-top-section elementor-element elementor-element-84cdf73 elementor-section-boxed elementor-section-height-default elementor-section-height-default\" data-id=\"84cdf73\" data-element_type=\"section\">\n\t\t\t\t\t\t<div class=\"elementor-container elementor-column-gap-default\">\n\t\t\t\t\t<div class=\"elementor-column elementor-col-100 elementor-top-column elementor-element elementor-element-41d7be3\" data-id=\"41d7be3\" data-element_type=\"column\">\n\t\t\t<div class=\"elementor-widget-wrap\">\n\t\t\t\t\t\t\t\t\t<\/div>\n\t\t<\/div>\n\t\t\t\t\t\t\t<\/div>\n\t\t<\/section>\n\t\t\t\t\t\t\t<\/div>\n\t\t","protected":false},"excerpt":{"rendered":"<p>SUBMISS\u00c3O DE RESUSMOS Regulamento para submiss\u00e3o de resumos para a II Semana de Farm\u00e1cia do HUPES Orienta\u00e7\u00f5es gerais: 1. Os trabalhos dever\u00e3o atender aos eixos de pesquisa: Ensino, Gest\u00e3o e Cuidado.2. Os trabalhos dever\u00e3o ter resumo simples em portugu\u00eas, com um m\u00e1ximo de 3.000 caracteres (com espa\u00e7os), excluindo t\u00edtulo do trabalho, nome (s) do (s)<\/p><\/div>\n<div class=\"blog-btn\"><a href=\"http:\/\/inaff.org.br\/farmhupes\/submissao-de-resumos\/\" class=\"home-blog-btn\">Ler mais<\/a><\/p>\n","protected":false},"author":1,"featured_media":0,"parent":0,"menu_order":0,"comment_status":"closed","ping_status":"closed","template":"template\/template-about.php","meta":{"footnotes":""},"class_list":["post-348","page","type-page","status-publish","hentry"],"_links":{"self":[{"href":"http:\/\/inaff.org.br\/farmhupes\/wp-json\/wp\/v2\/pages\/348","targetHints":{"allow":["GET"]}}],"collection":[{"href":"http:\/\/inaff.org.br\/farmhupes\/wp-json\/wp\/v2\/pages"}],"about":[{"href":"http:\/\/inaff.org.br\/farmhupes\/wp-json\/wp\/v2\/types\/page"}],"author":[{"embeddable":true,"href":"http:\/\/inaff.org.br\/farmhupes\/wp-json\/wp\/v2\/users\/1"}],"replies":[{"embeddable":true,"href":"http:\/\/inaff.org.br\/farmhupes\/wp-json\/wp\/v2\/comments?post=348"}],"version-history":[{"count":54,"href":"http:\/\/inaff.org.br\/farmhupes\/wp-json\/wp\/v2\/pages\/348\/revisions"}],"predecessor-version":[{"id":1047,"href":"http:\/\/inaff.org.br\/farmhupes\/wp-json\/wp\/v2\/pages\/348\/revisions\/1047"}],"wp:attachment":[{"href":"http:\/\/inaff.org.br\/farmhupes\/wp-json\/wp\/v2\/media?parent=348"}],"curies":[{"name":"wp","href":"https:\/\/api.w.org\/{rel}","templated":true}]}}