{"id":1086,"date":"2022-10-18T10:37:44","date_gmt":"2022-10-18T13:37:44","guid":{"rendered":"http:\/\/inaff.org.br\/farmhupes\/?page_id=1086"},"modified":"2022-10-19T09:49:40","modified_gmt":"2022-10-19T12:49:40","slug":"comissao-organizadora","status":"publish","type":"page","link":"http:\/\/inaff.org.br\/farmhupes\/comissao-organizadora\/","title":{"rendered":"Comiss\u00f5es"},"content":{"rendered":"\t\t<div data-elementor-type=\"wp-page\" data-elementor-id=\"1086\" class=\"elementor elementor-1086\">\n\t\t\t\t\t\t\t\t\t<section class=\"elementor-section elementor-top-section elementor-element elementor-element-6d342a1 elementor-section-boxed elementor-section-height-default elementor-section-height-default\" data-id=\"6d342a1\" data-element_type=\"section\">\n\t\t\t\t\t\t<div class=\"elementor-container elementor-column-gap-default\">\n\t\t\t\t\t<div class=\"elementor-column elementor-col-100 elementor-top-column elementor-element elementor-element-1528ab3\" data-id=\"1528ab3\" data-element_type=\"column\">\n\t\t\t<div class=\"elementor-widget-wrap elementor-element-populated\">\n\t\t\t\t\t\t\t\t<div class=\"elementor-element elementor-element-54f8958 elementor-widget elementor-widget-heading\" data-id=\"54f8958\" data-element_type=\"widget\" data-widget_type=\"heading.default\">\n\t\t\t\t<div class=\"elementor-widget-container\">\n\t\t\t<style>\/*! elementor - v3.7.8 - 02-10-2022 *\/\n.elementor-heading-title{padding:0;margin:0;line-height:1}.elementor-widget-heading .elementor-heading-title[class*=elementor-size-]>a{color:inherit;font-size:inherit;line-height:inherit}.elementor-widget-heading .elementor-heading-title.elementor-size-small{font-size:15px}.elementor-widget-heading .elementor-heading-title.elementor-size-medium{font-size:19px}.elementor-widget-heading .elementor-heading-title.elementor-size-large{font-size:29px}.elementor-widget-heading .elementor-heading-title.elementor-size-xl{font-size:39px}.elementor-widget-heading .elementor-heading-title.elementor-size-xxl{font-size:59px}<\/style><h2 class=\"elementor-heading-title elementor-size-default\">COMISS\u00d5ES<\/h2>\t\t<\/div>\n\t\t\t\t<\/div>\n\t\t\t\t\t<\/div>\n\t\t<\/div>\n\t\t\t\t\t\t\t<\/div>\n\t\t<\/section>\n\t\t\t\t<section class=\"elementor-section elementor-top-section elementor-element elementor-element-f329ea8 elementor-section-boxed elementor-section-height-default elementor-section-height-default\" data-id=\"f329ea8\" data-element_type=\"section\">\n\t\t\t\t\t\t<div class=\"elementor-container elementor-column-gap-default\">\n\t\t\t\t\t<div class=\"elementor-column elementor-col-100 elementor-top-column elementor-element elementor-element-e94b58f\" data-id=\"e94b58f\" data-element_type=\"column\">\n\t\t\t<div class=\"elementor-widget-wrap elementor-element-populated\">\n\t\t\t\t\t\t\t\t<div class=\"elementor-element elementor-element-5c5e24a elementor-widget elementor-widget-spacer\" data-id=\"5c5e24a\" data-element_type=\"widget\" data-widget_type=\"spacer.default\">\n\t\t\t\t<div class=\"elementor-widget-container\">\n\t\t\t<style>\/*! elementor - v3.7.8 - 02-10-2022 *\/\n.elementor-column .elementor-spacer-inner{height:var(--spacer-size)}.e-container{--container-widget-width:100%}.e-container>.elementor-widget-spacer{width:var(--container-widget-width,var(--spacer-size));-ms-flex-item-align:stretch;align-self:stretch;-ms-flex-negative:0;flex-shrink:0}.e-container>.elementor-widget-spacer>.elementor-widget-container,.e-container>.elementor-widget-spacer>.elementor-widget-container>.elementor-spacer{height:100%}.e-container>.elementor-widget-spacer>.elementor-widget-container>.elementor-spacer>.elementor-spacer-inner{height:var(--container-widget-height,var(--spacer-size))}<\/style>\t\t<div class=\"elementor-spacer\">\n\t\t\t<div class=\"elementor-spacer-inner\"><\/div>\n\t\t<\/div>\n\t\t\t\t<\/div>\n\t\t\t\t<\/div>\n\t\t\t\t\t<\/div>\n\t\t<\/div>\n\t\t\t\t\t\t\t<\/div>\n\t\t<\/section>\n\t\t\t\t<section class=\"elementor-section elementor-top-section elementor-element elementor-element-3e49e1d elementor-section-boxed elementor-section-height-default elementor-section-height-default\" data-id=\"3e49e1d\" data-element_type=\"section\">\n\t\t\t\t\t\t<div class=\"elementor-container elementor-column-gap-default\">\n\t\t\t\t\t<div class=\"elementor-column elementor-col-50 elementor-top-column elementor-element elementor-element-818cd34\" data-id=\"818cd34\" data-element_type=\"column\">\n\t\t\t<div class=\"elementor-widget-wrap elementor-element-populated\">\n\t\t\t\t\t\t\t\t<div class=\"elementor-element elementor-element-10289a4 elementor-widget elementor-widget-heading\" data-id=\"10289a4\" data-element_type=\"widget\" data-widget_type=\"heading.default\">\n\t\t\t\t<div class=\"elementor-widget-container\">\n\t\t\t<h2 class=\"elementor-heading-title elementor-size-default\">ORGANIZA\u00c7\u00c3O<\/h2>\t\t<\/div>\n\t\t\t\t<\/div>\n\t\t\t\t<div class=\"elementor-element elementor-element-7e51a0d elementor-widget elementor-widget-text-editor\" data-id=\"7e51a0d\" data-element_type=\"widget\" data-widget_type=\"text-editor.default\">\n\t\t\t\t<div class=\"elementor-widget-container\">\n\t\t\t<style>\/*! elementor - v3.7.8 - 02-10-2022 *\/\n.elementor-widget-text-editor.elementor-drop-cap-view-stacked .elementor-drop-cap{background-color:#818a91;color:#fff}.elementor-widget-text-editor.elementor-drop-cap-view-framed .elementor-drop-cap{color:#818a91;border:3px solid;background-color:transparent}.elementor-widget-text-editor:not(.elementor-drop-cap-view-default) .elementor-drop-cap{margin-top:8px}.elementor-widget-text-editor:not(.elementor-drop-cap-view-default) .elementor-drop-cap-letter{width:1em;height:1em}.elementor-widget-text-editor .elementor-drop-cap{float:left;text-align:center;line-height:1;font-size:50px}.elementor-widget-text-editor .elementor-drop-cap-letter{display:inline-block}<\/style>\t\t\t\t<ul><li><strong><span style=\"color: #000000;\">Aline Mikaele Nunes Wildemberg Brauer<\/span><\/strong><\/li><li><strong><span style=\"color: #000000;\">Eriane Dor\u00e9a Rodrigues Silva<\/span><\/strong><\/li><li><strong><span style=\"color: #000000;\">Erica Louvores de Oliveira <\/span><\/strong><\/li><li><strong><span style=\"color: #000000;\">Fabiana Gon\u00e7alves Menezes<\/span><\/strong><\/li><li><strong><span style=\"color: #000000;\">Leonardo Augusto Kister de Toledo<\/span><\/strong><\/li><li><strong><span style=\"color: #000000;\">Luana S\u00e1via Santos Silva<\/span><\/strong><\/li><li><strong><span style=\"color: #000000;\">Priscila Moreira Lauton<\/span><\/strong><\/li><li><strong><span style=\"color: #000000;\">Taline Rodrigues Rios<\/span><\/strong><\/li><li><strong><span style=\"color: #000000;\">Virginia Marta Sousa Batista<\/span><\/strong><\/li><li><strong><span style=\"color: #000000;\">Viviane Carvalho Ferreira<\/span><\/strong><\/li><\/ul>\t\t\t\t\t\t<\/div>\n\t\t\t\t<\/div>\n\t\t\t\t\t<\/div>\n\t\t<\/div>\n\t\t\t\t<div class=\"elementor-column elementor-col-50 elementor-top-column elementor-element elementor-element-fa07d88\" data-id=\"fa07d88\" data-element_type=\"column\">\n\t\t\t<div class=\"elementor-widget-wrap elementor-element-populated\">\n\t\t\t\t\t\t\t\t<div class=\"elementor-element elementor-element-7a25a95 elementor-widget elementor-widget-heading\" data-id=\"7a25a95\" data-element_type=\"widget\" data-widget_type=\"heading.default\">\n\t\t\t\t<div class=\"elementor-widget-container\">\n\t\t\t<h2 class=\"elementor-heading-title elementor-size-default\">CIENT\u00cdFICO\u200b<\/h2>\t\t<\/div>\n\t\t\t\t<\/div>\n\t\t\t\t<div class=\"elementor-element elementor-element-ade3e92 elementor-widget elementor-widget-text-editor\" data-id=\"ade3e92\" data-element_type=\"widget\" data-widget_type=\"text-editor.default\">\n\t\t\t\t<div class=\"elementor-widget-container\">\n\t\t\t\t\t\t\t<ul><li><span style=\"color: #000000;\"><strong>Bartyra Lima de Almeida Leite<\/strong><\/span><\/li><li><span style=\"color: #000000;\"><strong>Geisa de Queiroz Almeida<\/strong><\/span><\/li><li><span style=\"color: #000000;\"><strong>Ivellise Costa de Sousa<\/strong><\/span><\/li><li><span style=\"color: #000000;\"><strong>Milena da Silva Lima<\/strong><\/span><\/li><li><span style=\"color: #000000;\"><strong>Pablo de Moura Santos<\/strong><\/span><\/li><li><span style=\"color: #000000;\"><strong>Yara Oliveira Moreira<\/strong><\/span><\/li><\/ul>\t\t\t\t\t\t<\/div>\n\t\t\t\t<\/div>\n\t\t\t\t\t<\/div>\n\t\t<\/div>\n\t\t\t\t\t\t\t<\/div>\n\t\t<\/section>\n\t\t\t\t\t\t\t<\/div>\n\t\t","protected":false},"excerpt":{"rendered":"<p>COMISS\u00d5ES ORGANIZA\u00c7\u00c3O Aline Mikaele Nunes Wildemberg Brauer Eriane Dor\u00e9a Rodrigues Silva Erica Louvores de Oliveira Fabiana Gon\u00e7alves Menezes Leonardo Augusto Kister de Toledo Luana S\u00e1via Santos Silva Priscila Moreira Lauton Taline Rodrigues Rios Virginia Marta Sousa Batista Viviane Carvalho Ferreira CIENT\u00cdFICO? Bartyra Lima de Almeida Leite Geisa de Queiroz Almeida Ivellise Costa de Sousa Milena<\/p><\/div>\n<div class=\"blog-btn\"><a href=\"http:\/\/inaff.org.br\/farmhupes\/comissao-organizadora\/\" class=\"home-blog-btn\">Ler mais<\/a><\/p>\n","protected":false},"author":2,"featured_media":0,"parent":0,"menu_order":0,"comment_status":"closed","ping_status":"closed","template":"","meta":{"footnotes":""},"class_list":["post-1086","page","type-page","status-publish","hentry"],"_links":{"self":[{"href":"http:\/\/inaff.org.br\/farmhupes\/wp-json\/wp\/v2\/pages\/1086","targetHints":{"allow":["GET"]}}],"collection":[{"href":"http:\/\/inaff.org.br\/farmhupes\/wp-json\/wp\/v2\/pages"}],"about":[{"href":"http:\/\/inaff.org.br\/farmhupes\/wp-json\/wp\/v2\/types\/page"}],"author":[{"embeddable":true,"href":"http:\/\/inaff.org.br\/farmhupes\/wp-json\/wp\/v2\/users\/2"}],"replies":[{"embeddable":true,"href":"http:\/\/inaff.org.br\/farmhupes\/wp-json\/wp\/v2\/comments?post=1086"}],"version-history":[{"count":15,"href":"http:\/\/inaff.org.br\/farmhupes\/wp-json\/wp\/v2\/pages\/1086\/revisions"}],"predecessor-version":[{"id":1107,"href":"http:\/\/inaff.org.br\/farmhupes\/wp-json\/wp\/v2\/pages\/1086\/revisions\/1107"}],"wp:attachment":[{"href":"http:\/\/inaff.org.br\/farmhupes\/wp-json\/wp\/v2\/media?parent=1086"}],"curies":[{"name":"wp","href":"https:\/\/api.w.org\/{rel}","templated":true}]}}